{"id":19848,"date":"2022-07-07T17:26:16","date_gmt":"2022-07-07T15:26:16","guid":{"rendered":"https:\/\/www.velos17loisirs.com\/bike-rental-in-dolus-doleron\/"},"modified":"2026-03-31T10:09:37","modified_gmt":"2026-03-31T08:09:37","slug":"bike-rental-in-dolus-doleron","status":"publish","type":"page","link":"https:\/\/www.velos17loisirs.com\/en\/bike-rental-in-dolus-doleron\/","title":{"rendered":"Bike rental in Dolus d&#8217;Ol\u00e9ron"},"content":{"rendered":"\t\t<div data-elementor-type=\"wp-page\" data-elementor-id=\"19848\" class=\"elementor elementor-19848 elementor-19522\" data-elementor-post-type=\"page\">\n\t\t\t\t<div class=\"elementor-element elementor-element-42eb3fec e-flex e-con-boxed e-con e-parent\" data-id=\"42eb3fec\" data-element_type=\"container\" data-e-type=\"container\">\n\t\t\t\t\t<div class=\"e-con-inner\">\n\t\t<div class=\"elementor-element elementor-element-3b3b7ee e-con-full e-flex e-con e-child\" data-id=\"3b3b7ee\" data-element_type=\"container\" data-e-type=\"container\">\n\t\t\t\t<div class=\"elementor-element elementor-element-2a21e09 elementor-widget elementor-widget-heading\" data-id=\"2a21e09\" data-element_type=\"widget\" data-e-type=\"widget\" data-widget_type=\"heading.default\">\n\t\t\t\t<div class=\"elementor-widget-container\">\n\t\t\t\t\t<h2 class=\"elementor-heading-title elementor-size-default\">Our store in Dolus d'Ol\u00e9ron<\/h2>\t\t\t\t<\/div>\n\t\t\t\t<\/div>\n\t\t\t\t<div class=\"elementor-element elementor-element-07634b3 elementor-widget elementor-widget-text-editor\" data-id=\"07634b3\" data-element_type=\"widget\" data-e-type=\"widget\" data-widget_type=\"text-editor.default\">\n\t\t\t\t<div class=\"elementor-widget-container\">\n\t\t\t\t\t\t\t\t\t<p>Among our many stores located throughout the \u00cele d&#8217;Ol\u00e9ron, you&#8217;ll find our shop at: <strong>Intermarch\u00e9 parking lot &#8211; LA JARRIE 1 shopping center &#8211; 17550 Dolus.<\/strong><\/p>\n<p><strong>Here is our phone number:<\/strong><br \/>05 46 36 57 81<\/p>\n<p><strong>And our store hours:<\/strong><br \/>Store open only in July and August.<\/p>\n<p>From 9:30 am to 12:30 pm and from 2 pm to 7 pm<\/p>\n\t\t\t\t\t\t\t\t<\/div>\n\t\t\t\t<\/div>\n\t\t\t\t<\/div>\n\t\t<div class=\"elementor-element elementor-element-b6bee08 e-con-full e-flex e-con e-child\" data-id=\"b6bee08\" data-element_type=\"container\" data-e-type=\"container\">\n\t\t\t\t<div class=\"elementor-element elementor-element-634aeac elementor-widget elementor-widget-google_maps\" data-id=\"634aeac\" data-element_type=\"widget\" data-e-type=\"widget\" data-widget_type=\"google_maps.default\">\n\t\t\t\t<div class=\"elementor-widget-container\">\n\t\t\t\t\t\t\t<div class=\"elementor-custom-embed\">\n\t\t\t<iframe loading=\"lazy\"\n\t\t\t\t\tsrc=\"https:\/\/www.google.com\/maps\/embed\/v1\/place?key=AIzaSyByfAJ4sftxpbO1IYBgANBuPQNtnFFwzb0&#038;q=Parking%20intermarche%20-zone%20commerciale%20LA%20JARRIE%201%20-17550%20Dolus&#038;zoom=16\"\n\t\t\t\t\ttitle=\"Parking intermarche -zone commerciale LA JARRIE 1 -17550 Dolus\"\n\t\t\t\t\taria-label=\"Parking intermarche -zone commerciale LA JARRIE 1 -17550 Dolus\"\n\t\t\t><\/iframe>\n\t\t<\/div>\n\t\t\t\t\t\t<\/div>\n\t\t\t\t<\/div>\n\t\t\t\t<\/div>\n\t\t\t\t\t<\/div>\n\t\t\t\t<\/div>\n\t\t<div class=\"elementor-element elementor-element-cba4216 e-flex e-con-boxed e-con e-parent\" data-id=\"cba4216\" data-element_type=\"container\" data-e-type=\"container\">\n\t\t\t\t\t<div class=\"e-con-inner\">\n\t\t<div class=\"elementor-element elementor-element-f0424b2 e-con-full e-flex e-con e-child\" data-id=\"f0424b2\" data-element_type=\"container\" data-e-type=\"container\">\n\t\t\t\t<div class=\"elementor-element elementor-element-5564462 elementor-widget elementor-widget-image\" data-id=\"5564462\" data-element_type=\"widget\" data-e-type=\"widget\" data-widget_type=\"image.default\">\n\t\t\t\t<div class=\"elementor-widget-container\">\n\t\t\t\t\t\t\t\t\t\t\t\t\t\t\t<img fetchpriority=\"high\" decoding=\"async\" width=\"500\" height=\"400\" src=\"https:\/\/www.velos17loisirs.com\/wp-content\/uploads\/2025\/01\/DolusDoleron.jpg\" class=\"attachment-large size-large wp-image-29444\" alt=\"\" srcset=\"https:\/\/www.velos17loisirs.com\/wp-content\/uploads\/2025\/01\/DolusDoleron.jpg 500w, https:\/\/www.velos17loisirs.com\/wp-content\/uploads\/2025\/01\/DolusDoleron-300x240.jpg 300w\" sizes=\"(max-width: 500px) 100vw, 500px\" \/>\t\t\t\t\t\t\t\t\t\t\t\t\t\t\t<\/div>\n\t\t\t\t<\/div>\n\t\t\t\t<\/div>\n\t\t<div class=\"elementor-element elementor-element-ae3522f e-con-full e-flex e-con e-child\" data-id=\"ae3522f\" data-element_type=\"container\" data-e-type=\"container\">\n\t\t\t\t<div class=\"elementor-element elementor-element-1f8a911 elementor-widget elementor-widget-heading\" data-id=\"1f8a911\" data-element_type=\"widget\" data-e-type=\"widget\" data-widget_type=\"heading.default\">\n\t\t\t\t<div class=\"elementor-widget-container\">\n\t\t\t\t\t<h3 class=\"elementor-heading-title elementor-size-default\">Easily rent one or more bikes in Dolus d'Ol\u00e9ron<\/h3>\t\t\t\t<\/div>\n\t\t\t\t<\/div>\n\t\t\t\t<div class=\"elementor-element elementor-element-7ed8100 elementor-widget elementor-widget-text-editor\" data-id=\"7ed8100\" data-element_type=\"widget\" data-e-type=\"widget\" data-widget_type=\"text-editor.default\">\n\t\t\t\t<div class=\"elementor-widget-container\">\n\t\t\t\t\t\t\t\t\t<p>V\u00e9lo17loisirs offers bike and essential accessory rentals (such as helmets and baskets) in all its stores. You can rent directly from our website and reserve bikes remotely for a specific period.<\/p>\n<p><strong>As a reminder, see our rates<\/strong><\/p>\n<ul>\n<li>Delivery is FREE: For orders of \u20ac100 or more AND for rentals of 6 days or more.<\/li>\n<\/ul>\n\t\t\t\t\t\t\t\t<\/div>\n\t\t\t\t<\/div>\n\t\t\t\t<\/div>\n\t\t\t\t\t<\/div>\n\t\t\t\t<\/div>\n\t\t<div class=\"elementor-element elementor-element-b641e0d e-flex e-con-boxed e-con e-parent\" data-id=\"b641e0d\" data-element_type=\"container\" data-e-type=\"container\">\n\t\t\t\t\t<div class=\"e-con-inner\">\n\t\t<div class=\"elementor-element elementor-element-080c52b e-con-full e-flex e-con e-child\" data-id=\"080c52b\" data-element_type=\"container\" data-e-type=\"container\">\n\t\t\t\t<div class=\"elementor-element elementor-element-5ad6749 elementor-widget elementor-widget-heading\" data-id=\"5ad6749\" data-element_type=\"widget\" data-e-type=\"widget\" data-widget_type=\"heading.default\">\n\t\t\t\t<div class=\"elementor-widget-container\">\n\t\t\t\t\t<h3 class=\"elementor-heading-title elementor-size-default\">Discover and visit Dolus and its surroundings by bike<\/h3>\t\t\t\t<\/div>\n\t\t\t\t<\/div>\n\t\t\t\t<div class=\"elementor-element elementor-element-20388ce elementor-widget elementor-widget-text-editor\" data-id=\"20388ce\" data-element_type=\"widget\" data-e-type=\"widget\" data-widget_type=\"text-editor.default\">\n\t\t\t\t<div class=\"elementor-widget-container\">\n\t\t\t\t\t\t\t\t\t<p>If you have children, Dolus offers activities such as the Myocastor Park, a water park, and treetop adventure courses.<\/p>\n<p>To complement and enrich your bike rides, you can also visit:<\/p>\n<ul>\n<li style=\"list-style-type: none;\">\n<ul>\n<li>The Bird Marsh<\/li>\n<li>The Baudissi\u00e8re Cabins<\/li>\n<li>The Beach\u2026<\/li>\n<\/ul>\n<p><\/li>\n<p><\/ul>\n<p>Thanks to its numerous cycle paths, you can enjoy every landscape on foot, by bike, with family or friends.<\/p>\n\t\t\t\t\t\t\t\t<\/div>\n\t\t\t\t<\/div>\n\t\t\t\t<\/div>\n\t\t<div class=\"elementor-element elementor-element-48108e3 e-con-full e-flex e-con e-child\" data-id=\"48108e3\" data-element_type=\"container\" data-e-type=\"container\">\n\t\t\t\t<div class=\"elementor-element elementor-element-1d87851 elementor-widget elementor-widget-image\" data-id=\"1d87851\" data-element_type=\"widget\" data-e-type=\"widget\" data-widget_type=\"image.default\">\n\t\t\t\t<div class=\"elementor-widget-container\">\n\t\t\t\t\t\t\t\t\t\t\t\t\t\t\t<img decoding=\"async\" width=\"800\" height=\"818\" src=\"https:\/\/www.velos17loisirs.com\/wp-content\/uploads\/2025\/01\/home-section-image-02.jpg\" class=\"attachment-large size-large wp-image-28776\" alt=\"\" srcset=\"https:\/\/www.velos17loisirs.com\/wp-content\/uploads\/2025\/01\/home-section-image-02.jpg 1000w, https:\/\/www.velos17loisirs.com\/wp-content\/uploads\/2025\/01\/home-section-image-02-293x300.jpg 293w, https:\/\/www.velos17loisirs.com\/wp-content\/uploads\/2025\/01\/home-section-image-02-768x786.jpg 768w, https:\/\/www.velos17loisirs.com\/wp-content\/uploads\/2025\/01\/home-section-image-02-500x512.jpg 500w, https:\/\/www.velos17loisirs.com\/wp-content\/uploads\/2025\/01\/home-section-image-02-700x716.jpg 700w\" sizes=\"(max-width: 800px) 100vw, 800px\" \/>\t\t\t\t\t\t\t\t\t\t\t\t\t\t\t<\/div>\n\t\t\t\t<\/div>\n\t\t\t\t<\/div>\n\t\t\t\t\t<\/div>\n\t\t\t\t<\/div>\n\t\t<div class=\"elementor-element elementor-element-898acf1 e-flex e-con-boxed e-con e-parent\" data-id=\"898acf1\" data-element_type=\"container\" data-e-type=\"container\">\n\t\t\t\t\t<div class=\"e-con-inner\">\n\t\t<div class=\"elementor-element elementor-element-a4dae49 e-con-full e-flex e-con e-child\" data-id=\"a4dae49\" data-element_type=\"container\" data-e-type=\"container\">\n\t\t\t\t<div class=\"elementor-element elementor-element-a154873 elementor-widget elementor-widget-image\" data-id=\"a154873\" data-element_type=\"widget\" data-e-type=\"widget\" data-widget_type=\"image.default\">\n\t\t\t\t<div class=\"elementor-widget-container\">\n\t\t\t\t\t\t\t\t\t\t\t\t\t\t\t<img decoding=\"async\" width=\"800\" height=\"800\" src=\"https:\/\/www.velos17loisirs.com\/wp-content\/uploads\/2024\/09\/marais-salants-ile-oleron-a-velo.png\" class=\"attachment-large size-large wp-image-28519\" alt=\"Marais salants ile ol\u00e9ron \u00e0 v\u00e9lo\" srcset=\"https:\/\/www.velos17loisirs.com\/wp-content\/uploads\/2024\/09\/marais-salants-ile-oleron-a-velo.png 1024w, https:\/\/www.velos17loisirs.com\/wp-content\/uploads\/2024\/09\/marais-salants-ile-oleron-a-velo-500x500.png 500w, https:\/\/www.velos17loisirs.com\/wp-content\/uploads\/2024\/09\/marais-salants-ile-oleron-a-velo-100x100.png 100w, https:\/\/www.velos17loisirs.com\/wp-content\/uploads\/2024\/09\/marais-salants-ile-oleron-a-velo-700x700.png 700w, https:\/\/www.velos17loisirs.com\/wp-content\/uploads\/2024\/09\/marais-salants-ile-oleron-a-velo-300x300.png 300w, https:\/\/www.velos17loisirs.com\/wp-content\/uploads\/2024\/09\/marais-salants-ile-oleron-a-velo-150x150.png 150w, https:\/\/www.velos17loisirs.com\/wp-content\/uploads\/2024\/09\/marais-salants-ile-oleron-a-velo-768x768.png 768w, https:\/\/www.velos17loisirs.com\/wp-content\/uploads\/2024\/09\/marais-salants-ile-oleron-a-velo-66x66.png 66w, https:\/\/www.velos17loisirs.com\/wp-content\/uploads\/2024\/09\/marais-salants-ile-oleron-a-velo-200x200.png 200w, https:\/\/www.velos17loisirs.com\/wp-content\/uploads\/2024\/09\/marais-salants-ile-oleron-a-velo-400x400.png 400w, https:\/\/www.velos17loisirs.com\/wp-content\/uploads\/2024\/09\/marais-salants-ile-oleron-a-velo-600x600.png 600w, https:\/\/www.velos17loisirs.com\/wp-content\/uploads\/2024\/09\/marais-salants-ile-oleron-a-velo-800x800.png 800w\" sizes=\"(max-width: 800px) 100vw, 800px\" \/>\t\t\t\t\t\t\t\t\t\t\t\t\t\t\t<\/div>\n\t\t\t\t<\/div>\n\t\t\t\t<\/div>\n\t\t<div class=\"elementor-element elementor-element-c919639 e-con-full e-flex e-con e-child\" data-id=\"c919639\" data-element_type=\"container\" data-e-type=\"container\">\n\t\t\t\t<div class=\"elementor-element elementor-element-71dc446 elementor-widget elementor-widget-heading\" data-id=\"71dc446\" data-element_type=\"widget\" data-e-type=\"widget\" data-widget_type=\"heading.default\">\n\t\t\t\t<div class=\"elementor-widget-container\">\n\t\t\t\t\t<h3 class=\"elementor-heading-title elementor-size-default\">Bicycle delivery in Dolus d'Ol\u00e9ron<\/h3>\t\t\t\t<\/div>\n\t\t\t\t<\/div>\n\t\t\t\t<div class=\"elementor-element elementor-element-996b844 elementor-widget elementor-widget-text-editor\" data-id=\"996b844\" data-element_type=\"widget\" data-e-type=\"widget\" data-widget_type=\"text-editor.default\">\n\t\t\t\t<div class=\"elementor-widget-container\">\n\t\t\t\t\t\t\t\t\t<p>As mentioned previously, you can rent your bike online and pick it up either directly at the shop or have it delivered to your holiday accommodation.<\/p>\n<p>We therefore offer Click &amp; Collect, where a 10% discount is applied to the total price including VAT.<\/p>\n<p>For delivery areas, please see the link to the delivery terms and conditions page.<\/p>\n<p>We wish you a wonderful ride on the island&#8217;s 120 km of cycle paths.<\/p>\n\t\t\t\t\t\t\t\t<\/div>\n\t\t\t\t<\/div>\n\t\t\t\t<\/div>\n\t\t\t\t\t<\/div>\n\t\t\t\t<\/div>\n\t\t<div class=\"elementor-element elementor-element-feec351 e-flex e-con-boxed e-con e-parent\" data-id=\"feec351\" data-element_type=\"container\" data-e-type=\"container\">\n\t\t\t\t\t<div class=\"e-con-inner\">\n\t\t<div class=\"elementor-element elementor-element-7edf30d e-con-full e-flex e-con e-child\" data-id=\"7edf30d\" data-element_type=\"container\" data-e-type=\"container\">\n\t\t\t\t<div class=\"elementor-element elementor-element-e8fa11b elementor-widget elementor-widget-heading\" data-id=\"e8fa11b\" data-element_type=\"widget\" data-e-type=\"widget\" data-widget_type=\"heading.default\">\n\t\t\t\t<div class=\"elementor-widget-container\">\n\t\t\t\t\t<h2 class=\"elementor-heading-title elementor-size-default\">Delivery times by sector for accommodations in residences<\/h2>\t\t\t\t<\/div>\n\t\t\t\t<\/div>\n\t\t\t\t<div class=\"elementor-element elementor-element-464c6ba elementor-widget elementor-widget-text-editor\" data-id=\"464c6ba\" data-element_type=\"widget\" data-e-type=\"widget\" data-widget_type=\"text-editor.default\">\n\t\t\t\t<div class=\"elementor-widget-container\">\n\t\t\t\t\t\t\t\t\t<div class=\"fusion-text fusion-text-5\">\n<p>Click on the desired area to display delivery times.<\/p>\n<\/div>\n\t\t\t\t\t\t\t\t<\/div>\n\t\t\t\t<\/div>\n\t\t\t\t<div class=\"elementor-element elementor-element-3a37c98 elementor-widget elementor-widget-shortcode\" data-id=\"3a37c98\" data-element_type=\"widget\" data-e-type=\"widget\" data-widget_type=\"shortcode.default\">\n\t\t\t\t<div class=\"elementor-widget-container\">\n\t\t\t\t\t\t\t<div class=\"elementor-shortcode\">\n            \n            \n            \n            <a name='map2'><\/a>\n            \n            \n            \n            \n            <div class=\"wpgmza_map \"  id=\"wpgmza_map_2\" style=\"display:block; overflow:auto; width:100%; height:500px; float:left;\" data-settings='{\"id\":\"2\",\"map_title\":\"Horaires de livraison par secteur\",\"map_width\":\"100\",\"map_height\":\"500\",\"map_start_lat\":\"45.94947014759253\",\"map_start_lng\":\"-1.338427538487006\",\"map_start_location\":\"45.93088733442903,-1.302168761718796\",\"map_start_zoom\":\"10\",\"default_marker\":\"\",\"type\":\"2\",\"alignment\":\"1\",\"directions_enabled\":\"0\",\"styling_enabled\":\"0\",\"styling_json\":\"\",\"active\":\"0\",\"kml\":\"\",\"bicycle\":\"0\",\"traffic\":\"0\",\"dbox\":\"1\",\"dbox_width\":\"100\",\"listmarkers\":\"0\",\"listmarkers_advanced\":\"0\",\"filterbycat\":\"0\",\"ugm_enabled\":\"0\",\"ugm_category_enabled\":\"0\",\"fusion\":\"\",\"map_width_type\":\"%\",\"map_height_type\":\"px\",\"mass_marker_support\":\"1\",\"ugm_access\":\"0\",\"order_markers_by\":\"1\",\"order_markers_choice\":\"2\",\"show_user_location\":\"1\",\"default_to\":\"\",\"other_settings\":{\"transport_layer\":null,\"shortcodeAttributes\":{\"id\":\"2\"}}}' data-map-id='2' data-shortcode-attributes='{\"id\":\"2\"}'> <\/div>\n            \n               \n        <\/div>\n\t\t\t\t\t\t<\/div>\n\t\t\t\t<\/div>\n\t\t\t\t<\/div>\n\t\t\t\t\t<\/div>\n\t\t\t\t<\/div>\n\t\t\t\t<\/div>\n\t\t","protected":false},"excerpt":{"rendered":"<p>Our store in Dolus d&#8217;Ol\u00e9ron Among our many stores located throughout the \u00cele d&#8217;Ol\u00e9ron, you&#8217;ll find our shop at: Intermarch\u00e9 parking lot &#8211; LA JARRIE 1 shopping center &#8211; 17550 Dolus. Here is our phone number:05 46 36 57 81 And our store hours:Store open only in July and August. From 9:30 am to 12:30 [&hellip;]<\/p>\n","protected":false},"author":11,"featured_media":30237,"parent":0,"menu_order":0,"comment_status":"closed","ping_status":"closed","template":"","meta":{"footnotes":""},"class_list":["post-19848","page","type-page","status-publish","has-post-thumbnail","hentry"],"yoast_head":"<!-- This site is optimized with the Yoast SEO plugin v27.4 - https:\/\/yoast.com\/product\/yoast-seo-wordpress\/ -->\n<title>Bike rental in Dolus d&#039;Ol\u00e9ron to visit and discover the island<\/title>\n<meta name=\"description\" content=\"You can book your bikes directly from the website for 1\/2 day or the full month. Electric bikes available and other bikes.\" \/>\n<meta name=\"robots\" content=\"index, follow, max-snippet:-1, max-image-preview:large, max-video-preview:-1\" \/>\n<link rel=\"canonical\" href=\"https:\/\/www.velos17loisirs.com\/en\/bike-rental-in-dolus-doleron\/\" \/>\n<meta property=\"og:locale\" content=\"en_US\" \/>\n<meta property=\"og:type\" content=\"article\" \/>\n<meta property=\"og:title\" content=\"Bike rental in Dolus d&#039;Ol\u00e9ron to visit and discover the island\" \/>\n<meta property=\"og:description\" content=\"You can book your bikes directly from the website for 1\/2 day or the full month. Electric bikes available and other bikes.\" \/>\n<meta property=\"og:url\" content=\"https:\/\/www.velos17loisirs.com\/en\/bike-rental-in-dolus-doleron\/\" \/>\n<meta property=\"og:site_name\" content=\"Velos 17 Loisirs\" \/>\n<meta property=\"article:modified_time\" content=\"2026-03-31T08:09:37+00:00\" \/>\n<meta property=\"og:image\" content=\"https:\/\/www.velos17loisirs.com\/wp-content\/uploads\/2025\/01\/entete_dolus.jpg\" \/>\n\t<meta property=\"og:image:width\" content=\"2000\" \/>\n\t<meta property=\"og:image:height\" content=\"800\" \/>\n\t<meta property=\"og:image:type\" content=\"image\/jpeg\" \/>\n<meta name=\"twitter:card\" content=\"summary_large_image\" \/>\n<meta name=\"twitter:label1\" content=\"Est. reading time\" \/>\n\t<meta name=\"twitter:data1\" content=\"3 minutes\" \/>\n<script type=\"application\/ld+json\" class=\"yoast-schema-graph\">{\"@context\":\"https:\\\/\\\/schema.org\",\"@graph\":[{\"@type\":\"WebPage\",\"@id\":\"https:\\\/\\\/www.velos17loisirs.com\\\/en\\\/bike-rental-in-dolus-doleron\\\/\",\"url\":\"https:\\\/\\\/www.velos17loisirs.com\\\/en\\\/bike-rental-in-dolus-doleron\\\/\",\"name\":\"Bike rental in Dolus d'Ol\u00e9ron to visit and discover the island\",\"isPartOf\":{\"@id\":\"https:\\\/\\\/www.velos17loisirs.com\\\/#website\"},\"primaryImageOfPage\":{\"@id\":\"https:\\\/\\\/www.velos17loisirs.com\\\/en\\\/bike-rental-in-dolus-doleron\\\/#primaryimage\"},\"image\":{\"@id\":\"https:\\\/\\\/www.velos17loisirs.com\\\/en\\\/bike-rental-in-dolus-doleron\\\/#primaryimage\"},\"thumbnailUrl\":\"https:\\\/\\\/www.velos17loisirs.com\\\/wp-content\\\/uploads\\\/2025\\\/01\\\/entete_dolus.jpg\",\"datePublished\":\"2022-07-07T15:26:16+00:00\",\"dateModified\":\"2026-03-31T08:09:37+00:00\",\"description\":\"You can book your bikes directly from the website for 1\\\/2 day or the full month. Electric bikes available and other bikes.\",\"breadcrumb\":{\"@id\":\"https:\\\/\\\/www.velos17loisirs.com\\\/en\\\/bike-rental-in-dolus-doleron\\\/#breadcrumb\"},\"inLanguage\":\"en-US\",\"potentialAction\":[{\"@type\":\"ReadAction\",\"target\":[\"https:\\\/\\\/www.velos17loisirs.com\\\/en\\\/bike-rental-in-dolus-doleron\\\/\"]}]},{\"@type\":\"ImageObject\",\"inLanguage\":\"en-US\",\"@id\":\"https:\\\/\\\/www.velos17loisirs.com\\\/en\\\/bike-rental-in-dolus-doleron\\\/#primaryimage\",\"url\":\"https:\\\/\\\/www.velos17loisirs.com\\\/wp-content\\\/uploads\\\/2025\\\/01\\\/entete_dolus.jpg\",\"contentUrl\":\"https:\\\/\\\/www.velos17loisirs.com\\\/wp-content\\\/uploads\\\/2025\\\/01\\\/entete_dolus.jpg\",\"width\":2000,\"height\":800},{\"@type\":\"BreadcrumbList\",\"@id\":\"https:\\\/\\\/www.velos17loisirs.com\\\/en\\\/bike-rental-in-dolus-doleron\\\/#breadcrumb\",\"itemListElement\":[{\"@type\":\"ListItem\",\"position\":1,\"name\":\"Accueil\",\"item\":\"https:\\\/\\\/www.velos17loisirs.com\\\/\"},{\"@type\":\"ListItem\",\"position\":2,\"name\":\"Bike rental in Dolus d&#8217;Ol\u00e9ron\"}]},{\"@type\":\"WebSite\",\"@id\":\"https:\\\/\\\/www.velos17loisirs.com\\\/#website\",\"url\":\"https:\\\/\\\/www.velos17loisirs.com\\\/\",\"name\":\"Velos 17 Loisirs\",\"description\":\"Location de v\u00e9los Ile d&#039;Ol\u00e9ron\",\"publisher\":{\"@id\":\"https:\\\/\\\/www.velos17loisirs.com\\\/#organization\"},\"potentialAction\":[{\"@type\":\"SearchAction\",\"target\":{\"@type\":\"EntryPoint\",\"urlTemplate\":\"https:\\\/\\\/www.velos17loisirs.com\\\/?s={search_term_string}\"},\"query-input\":{\"@type\":\"PropertyValueSpecification\",\"valueRequired\":true,\"valueName\":\"search_term_string\"}}],\"inLanguage\":\"en-US\"},{\"@type\":\"Organization\",\"@id\":\"https:\\\/\\\/www.velos17loisirs.com\\\/#organization\",\"name\":\"Velos 17 Loisirs\",\"url\":\"https:\\\/\\\/www.velos17loisirs.com\\\/\",\"logo\":{\"@type\":\"ImageObject\",\"inLanguage\":\"en-US\",\"@id\":\"https:\\\/\\\/www.velos17loisirs.com\\\/#\\\/schema\\\/logo\\\/image\\\/\",\"url\":\"https:\\\/\\\/www.velos17loisirs.com\\\/wp-content\\\/uploads\\\/2021\\\/01\\\/logo-velos17loisirs-menu2.jpg\",\"contentUrl\":\"https:\\\/\\\/www.velos17loisirs.com\\\/wp-content\\\/uploads\\\/2021\\\/01\\\/logo-velos17loisirs-menu2.jpg\",\"width\":300,\"height\":300,\"caption\":\"Velos 17 Loisirs\"},\"image\":{\"@id\":\"https:\\\/\\\/www.velos17loisirs.com\\\/#\\\/schema\\\/logo\\\/image\\\/\"}}]}<\/script>\n<!-- \/ Yoast SEO plugin. -->","yoast_head_json":{"title":"Bike rental in Dolus d'Ol\u00e9ron to visit and discover the island","description":"You can book your bikes directly from the website for 1\/2 day or the full month. Electric bikes available and other bikes.","robots":{"index":"index","follow":"follow","max-snippet":"max-snippet:-1","max-image-preview":"max-image-preview:large","max-video-preview":"max-video-preview:-1"},"canonical":"https:\/\/www.velos17loisirs.com\/en\/bike-rental-in-dolus-doleron\/","og_locale":"en_US","og_type":"article","og_title":"Bike rental in Dolus d'Ol\u00e9ron to visit and discover the island","og_description":"You can book your bikes directly from the website for 1\/2 day or the full month. Electric bikes available and other bikes.","og_url":"https:\/\/www.velos17loisirs.com\/en\/bike-rental-in-dolus-doleron\/","og_site_name":"Velos 17 Loisirs","article_modified_time":"2026-03-31T08:09:37+00:00","og_image":[{"width":2000,"height":800,"url":"https:\/\/www.velos17loisirs.com\/wp-content\/uploads\/2025\/01\/entete_dolus.jpg","type":"image\/jpeg"}],"twitter_card":"summary_large_image","twitter_misc":{"Est. reading time":"3 minutes"},"schema":{"@context":"https:\/\/schema.org","@graph":[{"@type":"WebPage","@id":"https:\/\/www.velos17loisirs.com\/en\/bike-rental-in-dolus-doleron\/","url":"https:\/\/www.velos17loisirs.com\/en\/bike-rental-in-dolus-doleron\/","name":"Bike rental in Dolus d'Ol\u00e9ron to visit and discover the island","isPartOf":{"@id":"https:\/\/www.velos17loisirs.com\/#website"},"primaryImageOfPage":{"@id":"https:\/\/www.velos17loisirs.com\/en\/bike-rental-in-dolus-doleron\/#primaryimage"},"image":{"@id":"https:\/\/www.velos17loisirs.com\/en\/bike-rental-in-dolus-doleron\/#primaryimage"},"thumbnailUrl":"https:\/\/www.velos17loisirs.com\/wp-content\/uploads\/2025\/01\/entete_dolus.jpg","datePublished":"2022-07-07T15:26:16+00:00","dateModified":"2026-03-31T08:09:37+00:00","description":"You can book your bikes directly from the website for 1\/2 day or the full month. Electric bikes available and other bikes.","breadcrumb":{"@id":"https:\/\/www.velos17loisirs.com\/en\/bike-rental-in-dolus-doleron\/#breadcrumb"},"inLanguage":"en-US","potentialAction":[{"@type":"ReadAction","target":["https:\/\/www.velos17loisirs.com\/en\/bike-rental-in-dolus-doleron\/"]}]},{"@type":"ImageObject","inLanguage":"en-US","@id":"https:\/\/www.velos17loisirs.com\/en\/bike-rental-in-dolus-doleron\/#primaryimage","url":"https:\/\/www.velos17loisirs.com\/wp-content\/uploads\/2025\/01\/entete_dolus.jpg","contentUrl":"https:\/\/www.velos17loisirs.com\/wp-content\/uploads\/2025\/01\/entete_dolus.jpg","width":2000,"height":800},{"@type":"BreadcrumbList","@id":"https:\/\/www.velos17loisirs.com\/en\/bike-rental-in-dolus-doleron\/#breadcrumb","itemListElement":[{"@type":"ListItem","position":1,"name":"Accueil","item":"https:\/\/www.velos17loisirs.com\/"},{"@type":"ListItem","position":2,"name":"Bike rental in Dolus d&#8217;Ol\u00e9ron"}]},{"@type":"WebSite","@id":"https:\/\/www.velos17loisirs.com\/#website","url":"https:\/\/www.velos17loisirs.com\/","name":"Velos 17 Loisirs","description":"Location de v\u00e9los Ile d&#039;Ol\u00e9ron","publisher":{"@id":"https:\/\/www.velos17loisirs.com\/#organization"},"potentialAction":[{"@type":"SearchAction","target":{"@type":"EntryPoint","urlTemplate":"https:\/\/www.velos17loisirs.com\/?s={search_term_string}"},"query-input":{"@type":"PropertyValueSpecification","valueRequired":true,"valueName":"search_term_string"}}],"inLanguage":"en-US"},{"@type":"Organization","@id":"https:\/\/www.velos17loisirs.com\/#organization","name":"Velos 17 Loisirs","url":"https:\/\/www.velos17loisirs.com\/","logo":{"@type":"ImageObject","inLanguage":"en-US","@id":"https:\/\/www.velos17loisirs.com\/#\/schema\/logo\/image\/","url":"https:\/\/www.velos17loisirs.com\/wp-content\/uploads\/2021\/01\/logo-velos17loisirs-menu2.jpg","contentUrl":"https:\/\/www.velos17loisirs.com\/wp-content\/uploads\/2021\/01\/logo-velos17loisirs-menu2.jpg","width":300,"height":300,"caption":"Velos 17 Loisirs"},"image":{"@id":"https:\/\/www.velos17loisirs.com\/#\/schema\/logo\/image\/"}}]}},"_links":{"self":[{"href":"https:\/\/www.velos17loisirs.com\/en\/wp-json\/wp\/v2\/pages\/19848","targetHints":{"allow":["GET"]}}],"collection":[{"href":"https:\/\/www.velos17loisirs.com\/en\/wp-json\/wp\/v2\/pages"}],"about":[{"href":"https:\/\/www.velos17loisirs.com\/en\/wp-json\/wp\/v2\/types\/page"}],"author":[{"embeddable":true,"href":"https:\/\/www.velos17loisirs.com\/en\/wp-json\/wp\/v2\/users\/11"}],"replies":[{"embeddable":true,"href":"https:\/\/www.velos17loisirs.com\/en\/wp-json\/wp\/v2\/comments?post=19848"}],"version-history":[{"count":12,"href":"https:\/\/www.velos17loisirs.com\/en\/wp-json\/wp\/v2\/pages\/19848\/revisions"}],"predecessor-version":[{"id":38150,"href":"https:\/\/www.velos17loisirs.com\/en\/wp-json\/wp\/v2\/pages\/19848\/revisions\/38150"}],"wp:featuredmedia":[{"embeddable":true,"href":"https:\/\/www.velos17loisirs.com\/en\/wp-json\/wp\/v2\/media\/30237"}],"wp:attachment":[{"href":"https:\/\/www.velos17loisirs.com\/en\/wp-json\/wp\/v2\/media?parent=19848"}],"curies":[{"name":"wp","href":"https:\/\/api.w.org\/{rel}","templated":true}]}}