{"id":14785,"date":"2021-04-28T16:32:50","date_gmt":"2021-04-28T14:32:50","guid":{"rendered":"https:\/\/www.velos17loisirs.com\/mentions-legales\/"},"modified":"2026-03-16T10:42:41","modified_gmt":"2026-03-16T09:42:41","slug":"legal-notice","status":"publish","type":"page","link":"https:\/\/www.velos17loisirs.com\/en\/legal-notice\/","title":{"rendered":"Mentions L\u00e9gales"},"content":{"rendered":"\t\t<div data-elementor-type=\"wp-page\" data-elementor-id=\"14785\" class=\"elementor elementor-14785 elementor-14783\" data-elementor-post-type=\"page\">\n\t\t\t\t<div class=\"elementor-element elementor-element-c86fd1c e-flex e-con-boxed e-con e-parent\" data-id=\"c86fd1c\" data-element_type=\"container\" data-e-type=\"container\">\n\t\t\t\t\t<div class=\"e-con-inner\">\n\t\t\t\t<div class=\"elementor-element elementor-element-6e2859de elementor-widget elementor-widget-text-editor\" data-id=\"6e2859de\" data-element_type=\"widget\" data-e-type=\"widget\" data-widget_type=\"text-editor.default\">\n\t\t\t\t<div class=\"elementor-widget-container\">\n\t\t\t\t\t\t\t\t\t<h2 style=\"text-align: left;\">MENTIONS L\u00c9GALES \/ CR\u00c9DITS<\/h2><p><span style=\"color: #5a81a0;\"><strong>Propri\u00e9taire et \u00e9diteur du site\u00a0:<\/strong><\/span><\/p><p>SARL B.C.M.S. exer\u00e7ant sous l\u2019enseigne VELOS 17 LOISIRS<\/p><p>111 AVENUE DE BEL AIR<br \/>17310 SAINT PIERRE D&#8217;OLERON<\/p><p>FRANCE<\/p><p>T\u00e9l\u00a0:\u00a005 46 47 14 05<\/p><p>Email :\u00a0velos.17.loisirs[at]wanadoo.fr<\/p><p>RCS La Rochelle :\u00a0434\u00a0450\u00a0276<br \/>N\u00b0 TVA intra : FR 584 344 502 760 0069<br \/>Capital social : 7\u00a0630,00 \u20ac<\/p><p style=\"text-align: justify;\"><span style=\"color: #5a81a0;\"><strong>Donn\u00e9es personnelles<\/strong><\/span><br \/>Aucune information personnelle n&#8217;est collect\u00e9e sans votre accord. Votre adresse IP n&#8217;est pas enregistr\u00e9e par le site, seul notre h\u00e9bergeur en garde trace comme il y est tenu. Nous ne vendons, louons ou communiquons pas aux tiers les donn\u00e9es personnelles (nom, adresse, num\u00e9ros de t\u00e9l\u00e9phone, de fax ou adresse e-mail) fournies par les personnes qui visitent ce site. Ces informations seront utilis\u00e9es seulement pour vous adresser des courriers et brochures.<\/p><p style=\"text-align: justify;\">Conform\u00e9ment \u00e0 la loi, vous disposez d&#8217;un droit d&#8217;acc\u00e8s et de rectification aux informations personnelles que vous nous auriez communiqu\u00e9es. Vous pouvez donc \u00e0 tout moment nous demander d&#8217;effacer ces informations par simple message au travers de notre formulaire de contact.<\/p><p style=\"text-align: justify;\"><span style=\"color: #5a81a0;\"><strong>Enregistrement \u00e0 la CNIL<\/strong><\/span><br \/>En application de la Loi n\u00b0 78-17 du 6 janvier 1978 relative \u00e0 l\u2019Informatique, aux Fichiers et aux Libert\u00e9s, vous disposez des droits d\u2019opposition (art. 26 de la loi), d\u2019acc\u00e8s (art.34 \u00e0 38 de la loi) et de rectification (art. 36 de la loi) des donn\u00e9es vous concernant. Ainsi, vous pouvez exiger que soient rectifi\u00e9es, compl\u00e9t\u00e9es, mises \u00e0 jour ou effac\u00e9es les informations vous concernant qui sont inexactes, incompl\u00e8tes, \u00e9quivoques, p\u00e9rim\u00e9es ou dont la collecte ou l\u2019utilisation, la communication ou la conservation est interdite.<\/p><p style=\"text-align: justify;\"><span style=\"color: #5a81a0;\"><strong>Mentions l\u00e9gales<\/strong><\/span><br \/>En application de la loi du 11 mars 1957 (art. 41) et du code de la propri\u00e9t\u00e9 intellectuelle du 1er juillet 1992, toute reproduction partielle ou totale \u00e0 usage collectif est strictement interdite sans autorisation de la soci\u00e9t\u00e9 Dokimedia. Les logos, visuels et marques pr\u00e9sents sur ce site sont la propri\u00e9t\u00e9 de leur d\u00e9tenteur respectif. Ce site peut, \u00e0 son insu, avoir \u00e9t\u00e9 reli\u00e9 \u00e0 d&#8217;autres sites par le biais de liens hypertextes. L&#8217;\u00e9diteur, ainsi que la Soci\u00e9t\u00e9 dokimedia d\u00e9clinent toute responsabilit\u00e9 pour les informations pr\u00e9sent\u00e9es sur ces autres sites. L&#8217;internaute reconna\u00eet que l&#8217;utilisation du pr\u00e9sent site est r\u00e9gie par le droit fran\u00e7ais. Tous les plans et les photos pr\u00e9sents sur le site sont non contractuels.<\/p><p style=\"text-align: justify;\">Les informations fournies dans ce site ne sont donn\u00e9es qu&#8217;\u00e0 titre indicatif.<\/p><p><span style=\"color: #5a81a0;\"><strong>Conditions g\u00e9n\u00e9rales de location<\/strong><\/span><\/p><p>Vous pouvez t\u00e9l\u00e9charger les conditions g\u00e9n\u00e9rales de location en cliquant <a href=\"https:\/\/www.velos17loisirs.com\/wp-content\/uploads\/2018\/02\/CONDITIONS-GENERALES-DE-LOCATION.pdf\" target=\"_blank\" rel=\"noopener\">ici<\/a>.<\/p><p><span style=\"color: #5a81a0;\"><strong>R\u00e9alisation Conception &amp; Int\u00e9gration<\/strong><\/span><br \/><strong>SARL DOKiMEDIA<\/strong><\/p><p>Production de films institutionnels et publicitaires \/ Cr\u00e9ation de sites internet<br \/>29 Rue du G\u00e9n\u00e9rale Dumont<br \/>17000 La Rochelle<br \/>France<br \/>T\u00e9l: 05 46 30 09 37<br \/>E-mail: contact [at] dokimedia.fr<br \/>www.dokimedia.fr<br \/>RCS La Rochelle<br \/>SIREN : 499738011<\/p><p><span style=\"color: #5a81a0;\"><strong>H\u00e9bergement<\/strong><\/span><br \/><strong>OVH<\/strong><br \/>SAS au capital de 10\u00a0059\u00a0500\u00a0\u20ac<br \/>RCS Lille M\u00e9tropole 424 761 419 00045<br \/>Code APE 6202A<br \/>N\u00b0 TVA : FR 22 424 761\u00a0419<br \/>Si\u00e8ge social : 2 rue Kellermann &#8211; 59100 Roubaix &#8211; France.<\/p><p><a href=\"http:\/\/www.dokimedia.fr\" target=\"_blank\" rel=\"noopener noreferrer\">Cr\u00e9ation de site internet ile d&#8217;Ol\u00e9ron &#8211; DOKiMEDIA<\/a> \u00a9 2021 Tous droits r\u00e9serv\u00e9s.<\/p>\t\t\t\t\t\t\t\t<\/div>\n\t\t\t\t<\/div>\n\t\t\t\t\t<\/div>\n\t\t\t\t<\/div>\n\t\t\t\t<\/div>\n\t\t","protected":false},"excerpt":{"rendered":"<p>MENTIONS L\u00c9GALES \/ CR\u00c9DITS Propri\u00e9taire et \u00e9diteur du site\u00a0: SARL B.C.M.S. exer\u00e7ant sous l\u2019enseigne VELOS 17 LOISIRS 111 AVENUE DE BEL AIR17310 SAINT PIERRE D&#8217;OLERON FRANCE T\u00e9l\u00a0:\u00a005 46 47 14 05 Email :\u00a0velos.17.loisirs[at]wanadoo.fr RCS La Rochelle :\u00a0434\u00a0450\u00a0276N\u00b0 TVA intra : FR 584 344 502 760 0069Capital social : 7\u00a0630,00 \u20ac Donn\u00e9es personnellesAucune information personnelle n&#8217;est [&hellip;]<\/p>\n","protected":false},"author":2,"featured_media":30241,"parent":0,"menu_order":0,"comment_status":"closed","ping_status":"closed","template":"","meta":{"footnotes":""},"class_list":["post-14785","page","type-page","status-publish","has-post-thumbnail","hentry"],"yoast_head":"<!-- This site is optimized with the Yoast SEO plugin v27.4 - https:\/\/yoast.com\/product\/yoast-seo-wordpress\/ -->\n<title>Mentions L\u00e9gales - Velos 17 Loisirs<\/title>\n<meta name=\"robots\" content=\"index, follow, max-snippet:-1, max-image-preview:large, max-video-preview:-1\" \/>\n<link rel=\"canonical\" href=\"https:\/\/www.velos17loisirs.com\/en\/legal-notice\/\" \/>\n<meta property=\"og:locale\" content=\"en_US\" \/>\n<meta property=\"og:type\" content=\"article\" \/>\n<meta property=\"og:title\" content=\"Mentions L\u00e9gales - Velos 17 Loisirs\" \/>\n<meta property=\"og:description\" content=\"MENTIONS L\u00c9GALES \/ CR\u00c9DITS Propri\u00e9taire et \u00e9diteur du site\u00a0: SARL B.C.M.S. exer\u00e7ant sous l\u2019enseigne VELOS 17 LOISIRS 111 AVENUE DE BEL AIR17310 SAINT PIERRE D&#8217;OLERON FRANCE T\u00e9l\u00a0:\u00a005 46 47 14 05 Email :\u00a0velos.17.loisirs[at]wanadoo.fr RCS La Rochelle :\u00a0434\u00a0450\u00a0276N\u00b0 TVA intra : FR 584 344 502 760 0069Capital social : 7\u00a0630,00 \u20ac Donn\u00e9es personnellesAucune information personnelle n&#8217;est [&hellip;]\" \/>\n<meta property=\"og:url\" content=\"https:\/\/www.velos17loisirs.com\/en\/legal-notice\/\" \/>\n<meta property=\"og:site_name\" content=\"Velos 17 Loisirs\" \/>\n<meta property=\"article:modified_time\" content=\"2026-03-16T09:42:41+00:00\" \/>\n<meta property=\"og:image\" content=\"https:\/\/www.velos17loisirs.com\/wp-content\/uploads\/2025\/01\/entete_generique.jpg\" \/>\n\t<meta property=\"og:image:width\" content=\"2000\" \/>\n\t<meta property=\"og:image:height\" content=\"800\" \/>\n\t<meta property=\"og:image:type\" content=\"image\/jpeg\" \/>\n<meta name=\"twitter:card\" content=\"summary_large_image\" \/>\n<meta name=\"twitter:label1\" content=\"Est. reading time\" \/>\n\t<meta name=\"twitter:data1\" content=\"3 minutes\" \/>\n<script type=\"application\/ld+json\" class=\"yoast-schema-graph\">{\"@context\":\"https:\\\/\\\/schema.org\",\"@graph\":[{\"@type\":\"WebPage\",\"@id\":\"https:\\\/\\\/www.velos17loisirs.com\\\/en\\\/legal-notice\\\/\",\"url\":\"https:\\\/\\\/www.velos17loisirs.com\\\/en\\\/legal-notice\\\/\",\"name\":\"Mentions L\u00e9gales - Velos 17 Loisirs\",\"isPartOf\":{\"@id\":\"https:\\\/\\\/www.velos17loisirs.com\\\/#website\"},\"primaryImageOfPage\":{\"@id\":\"https:\\\/\\\/www.velos17loisirs.com\\\/en\\\/legal-notice\\\/#primaryimage\"},\"image\":{\"@id\":\"https:\\\/\\\/www.velos17loisirs.com\\\/en\\\/legal-notice\\\/#primaryimage\"},\"thumbnailUrl\":\"https:\\\/\\\/www.velos17loisirs.com\\\/wp-content\\\/uploads\\\/2025\\\/01\\\/entete_generique.jpg\",\"datePublished\":\"2021-04-28T14:32:50+00:00\",\"dateModified\":\"2026-03-16T09:42:41+00:00\",\"breadcrumb\":{\"@id\":\"https:\\\/\\\/www.velos17loisirs.com\\\/en\\\/legal-notice\\\/#breadcrumb\"},\"inLanguage\":\"en-US\",\"potentialAction\":[{\"@type\":\"ReadAction\",\"target\":[\"https:\\\/\\\/www.velos17loisirs.com\\\/en\\\/legal-notice\\\/\"]}]},{\"@type\":\"ImageObject\",\"inLanguage\":\"en-US\",\"@id\":\"https:\\\/\\\/www.velos17loisirs.com\\\/en\\\/legal-notice\\\/#primaryimage\",\"url\":\"https:\\\/\\\/www.velos17loisirs.com\\\/wp-content\\\/uploads\\\/2025\\\/01\\\/entete_generique.jpg\",\"contentUrl\":\"https:\\\/\\\/www.velos17loisirs.com\\\/wp-content\\\/uploads\\\/2025\\\/01\\\/entete_generique.jpg\",\"width\":2000,\"height\":800},{\"@type\":\"BreadcrumbList\",\"@id\":\"https:\\\/\\\/www.velos17loisirs.com\\\/en\\\/legal-notice\\\/#breadcrumb\",\"itemListElement\":[{\"@type\":\"ListItem\",\"position\":1,\"name\":\"Accueil\",\"item\":\"https:\\\/\\\/www.velos17loisirs.com\\\/\"},{\"@type\":\"ListItem\",\"position\":2,\"name\":\"Mentions L\u00e9gales\"}]},{\"@type\":\"WebSite\",\"@id\":\"https:\\\/\\\/www.velos17loisirs.com\\\/#website\",\"url\":\"https:\\\/\\\/www.velos17loisirs.com\\\/\",\"name\":\"Velos 17 Loisirs\",\"description\":\"Location de v\u00e9los Ile d&#039;Ol\u00e9ron\",\"publisher\":{\"@id\":\"https:\\\/\\\/www.velos17loisirs.com\\\/#organization\"},\"potentialAction\":[{\"@type\":\"SearchAction\",\"target\":{\"@type\":\"EntryPoint\",\"urlTemplate\":\"https:\\\/\\\/www.velos17loisirs.com\\\/?s={search_term_string}\"},\"query-input\":{\"@type\":\"PropertyValueSpecification\",\"valueRequired\":true,\"valueName\":\"search_term_string\"}}],\"inLanguage\":\"en-US\"},{\"@type\":\"Organization\",\"@id\":\"https:\\\/\\\/www.velos17loisirs.com\\\/#organization\",\"name\":\"Velos 17 Loisirs\",\"url\":\"https:\\\/\\\/www.velos17loisirs.com\\\/\",\"logo\":{\"@type\":\"ImageObject\",\"inLanguage\":\"en-US\",\"@id\":\"https:\\\/\\\/www.velos17loisirs.com\\\/#\\\/schema\\\/logo\\\/image\\\/\",\"url\":\"https:\\\/\\\/www.velos17loisirs.com\\\/wp-content\\\/uploads\\\/2021\\\/01\\\/logo-velos17loisirs-menu2.jpg\",\"contentUrl\":\"https:\\\/\\\/www.velos17loisirs.com\\\/wp-content\\\/uploads\\\/2021\\\/01\\\/logo-velos17loisirs-menu2.jpg\",\"width\":300,\"height\":300,\"caption\":\"Velos 17 Loisirs\"},\"image\":{\"@id\":\"https:\\\/\\\/www.velos17loisirs.com\\\/#\\\/schema\\\/logo\\\/image\\\/\"}}]}<\/script>\n<!-- \/ Yoast SEO plugin. -->","yoast_head_json":{"title":"Mentions L\u00e9gales - Velos 17 Loisirs","robots":{"index":"index","follow":"follow","max-snippet":"max-snippet:-1","max-image-preview":"max-image-preview:large","max-video-preview":"max-video-preview:-1"},"canonical":"https:\/\/www.velos17loisirs.com\/en\/legal-notice\/","og_locale":"en_US","og_type":"article","og_title":"Mentions L\u00e9gales - Velos 17 Loisirs","og_description":"MENTIONS L\u00c9GALES \/ CR\u00c9DITS Propri\u00e9taire et \u00e9diteur du site\u00a0: SARL B.C.M.S. exer\u00e7ant sous l\u2019enseigne VELOS 17 LOISIRS 111 AVENUE DE BEL AIR17310 SAINT PIERRE D&#8217;OLERON FRANCE T\u00e9l\u00a0:\u00a005 46 47 14 05 Email :\u00a0velos.17.loisirs[at]wanadoo.fr RCS La Rochelle :\u00a0434\u00a0450\u00a0276N\u00b0 TVA intra : FR 584 344 502 760 0069Capital social : 7\u00a0630,00 \u20ac Donn\u00e9es personnellesAucune information personnelle n&#8217;est [&hellip;]","og_url":"https:\/\/www.velos17loisirs.com\/en\/legal-notice\/","og_site_name":"Velos 17 Loisirs","article_modified_time":"2026-03-16T09:42:41+00:00","og_image":[{"width":2000,"height":800,"url":"https:\/\/www.velos17loisirs.com\/wp-content\/uploads\/2025\/01\/entete_generique.jpg","type":"image\/jpeg"}],"twitter_card":"summary_large_image","twitter_misc":{"Est. reading time":"3 minutes"},"schema":{"@context":"https:\/\/schema.org","@graph":[{"@type":"WebPage","@id":"https:\/\/www.velos17loisirs.com\/en\/legal-notice\/","url":"https:\/\/www.velos17loisirs.com\/en\/legal-notice\/","name":"Mentions L\u00e9gales - Velos 17 Loisirs","isPartOf":{"@id":"https:\/\/www.velos17loisirs.com\/#website"},"primaryImageOfPage":{"@id":"https:\/\/www.velos17loisirs.com\/en\/legal-notice\/#primaryimage"},"image":{"@id":"https:\/\/www.velos17loisirs.com\/en\/legal-notice\/#primaryimage"},"thumbnailUrl":"https:\/\/www.velos17loisirs.com\/wp-content\/uploads\/2025\/01\/entete_generique.jpg","datePublished":"2021-04-28T14:32:50+00:00","dateModified":"2026-03-16T09:42:41+00:00","breadcrumb":{"@id":"https:\/\/www.velos17loisirs.com\/en\/legal-notice\/#breadcrumb"},"inLanguage":"en-US","potentialAction":[{"@type":"ReadAction","target":["https:\/\/www.velos17loisirs.com\/en\/legal-notice\/"]}]},{"@type":"ImageObject","inLanguage":"en-US","@id":"https:\/\/www.velos17loisirs.com\/en\/legal-notice\/#primaryimage","url":"https:\/\/www.velos17loisirs.com\/wp-content\/uploads\/2025\/01\/entete_generique.jpg","contentUrl":"https:\/\/www.velos17loisirs.com\/wp-content\/uploads\/2025\/01\/entete_generique.jpg","width":2000,"height":800},{"@type":"BreadcrumbList","@id":"https:\/\/www.velos17loisirs.com\/en\/legal-notice\/#breadcrumb","itemListElement":[{"@type":"ListItem","position":1,"name":"Accueil","item":"https:\/\/www.velos17loisirs.com\/"},{"@type":"ListItem","position":2,"name":"Mentions L\u00e9gales"}]},{"@type":"WebSite","@id":"https:\/\/www.velos17loisirs.com\/#website","url":"https:\/\/www.velos17loisirs.com\/","name":"Velos 17 Loisirs","description":"Location de v\u00e9los Ile d&#039;Ol\u00e9ron","publisher":{"@id":"https:\/\/www.velos17loisirs.com\/#organization"},"potentialAction":[{"@type":"SearchAction","target":{"@type":"EntryPoint","urlTemplate":"https:\/\/www.velos17loisirs.com\/?s={search_term_string}"},"query-input":{"@type":"PropertyValueSpecification","valueRequired":true,"valueName":"search_term_string"}}],"inLanguage":"en-US"},{"@type":"Organization","@id":"https:\/\/www.velos17loisirs.com\/#organization","name":"Velos 17 Loisirs","url":"https:\/\/www.velos17loisirs.com\/","logo":{"@type":"ImageObject","inLanguage":"en-US","@id":"https:\/\/www.velos17loisirs.com\/#\/schema\/logo\/image\/","url":"https:\/\/www.velos17loisirs.com\/wp-content\/uploads\/2021\/01\/logo-velos17loisirs-menu2.jpg","contentUrl":"https:\/\/www.velos17loisirs.com\/wp-content\/uploads\/2021\/01\/logo-velos17loisirs-menu2.jpg","width":300,"height":300,"caption":"Velos 17 Loisirs"},"image":{"@id":"https:\/\/www.velos17loisirs.com\/#\/schema\/logo\/image\/"}}]}},"_links":{"self":[{"href":"https:\/\/www.velos17loisirs.com\/en\/wp-json\/wp\/v2\/pages\/14785","targetHints":{"allow":["GET"]}}],"collection":[{"href":"https:\/\/www.velos17loisirs.com\/en\/wp-json\/wp\/v2\/pages"}],"about":[{"href":"https:\/\/www.velos17loisirs.com\/en\/wp-json\/wp\/v2\/types\/page"}],"author":[{"embeddable":true,"href":"https:\/\/www.velos17loisirs.com\/en\/wp-json\/wp\/v2\/users\/2"}],"replies":[{"embeddable":true,"href":"https:\/\/www.velos17loisirs.com\/en\/wp-json\/wp\/v2\/comments?post=14785"}],"version-history":[{"count":5,"href":"https:\/\/www.velos17loisirs.com\/en\/wp-json\/wp\/v2\/pages\/14785\/revisions"}],"predecessor-version":[{"id":31148,"href":"https:\/\/www.velos17loisirs.com\/en\/wp-json\/wp\/v2\/pages\/14785\/revisions\/31148"}],"wp:featuredmedia":[{"embeddable":true,"href":"https:\/\/www.velos17loisirs.com\/en\/wp-json\/wp\/v2\/media\/30241"}],"wp:attachment":[{"href":"https:\/\/www.velos17loisirs.com\/en\/wp-json\/wp\/v2\/media?parent=14785"}],"curies":[{"name":"wp","href":"https:\/\/api.w.org\/{rel}","templated":true}]}}