{"id":14500,"date":"2021-03-04T18:19:06","date_gmt":"2021-03-04T17:19:06","guid":{"rendered":"https:\/\/www.velos17loisirs.com\/contact\/"},"modified":"2025-07-11T10:20:25","modified_gmt":"2025-07-11T08:20:25","slug":"contact-us","status":"publish","type":"page","link":"https:\/\/www.velos17loisirs.com\/en\/contact-us\/","title":{"rendered":"Contact"},"content":{"rendered":"\t\t<div data-elementor-type=\"wp-page\" data-elementor-id=\"14500\" class=\"elementor elementor-14500 elementor-12817\" data-elementor-post-type=\"page\">\n\t\t\t\t<div class=\"elementor-element elementor-element-28d56d7 e-flex e-con-boxed e-con e-parent\" data-id=\"28d56d7\" data-element_type=\"container\" data-e-type=\"container\">\n\t\t\t\t\t<div class=\"e-con-inner\">\n\t\t<div class=\"elementor-element elementor-element-764e3c6 e-con-full e-flex elementor-invisible e-con e-child\" data-id=\"764e3c6\" data-element_type=\"container\" data-e-type=\"container\" data-settings=\"{&quot;animation&quot;:&quot;fadeInLeft&quot;}\">\n\t\t\t\t<div class=\"elementor-element elementor-element-6610b1c elementor-widget elementor-widget-heading\" data-id=\"6610b1c\" data-element_type=\"widget\" data-e-type=\"widget\" data-widget_type=\"heading.default\">\n\t\t\t\t<div class=\"elementor-widget-container\">\n\t\t\t\t\t<h2 class=\"elementor-heading-title elementor-size-default\">V\u00c9LOS 17 LOISIRS<\/h2>\t\t\t\t<\/div>\n\t\t\t\t<\/div>\n\t\t\t\t<div class=\"elementor-element elementor-element-d8fef82 elementor-widget elementor-widget-text-editor\" data-id=\"d8fef82\" data-element_type=\"widget\" data-e-type=\"widget\" data-widget_type=\"text-editor.default\">\n\t\t\t\t<div class=\"elementor-widget-container\">\n\t\t\t\t\t\t\t\t\t<strong>Si\u00e8ge social :<\/strong>\r\n<strong>111 Avenue de Bel Air , 17310 Saint-Pierre D\u2019Ol\u00e9ron<\/strong>\r\nT\u00e9l\u00e9phone :\u00a0<a href=\"tel:0546471405\">05 46 47 14 05<\/a>\t\t\t\t\t\t\t\t<\/div>\n\t\t\t\t<\/div>\n\t\t\t\t<div class=\"elementor-element elementor-element-de15857 elementor-icon-list--layout-inline elementor-list-item-link-full_width elementor-widget elementor-widget-icon-list\" data-id=\"de15857\" data-element_type=\"widget\" data-e-type=\"widget\" data-widget_type=\"icon-list.default\">\n\t\t\t\t<div class=\"elementor-widget-container\">\n\t\t\t\t\t\t\t<ul class=\"elementor-icon-list-items elementor-inline-items\">\n\t\t\t\t\t\t\t<li class=\"elementor-icon-list-item elementor-inline-item\">\n\t\t\t\t\t\t\t\t\t\t\t<a href=\"#\" target=\"_blank\">\n\n\t\t\t\t\t\t\t\t\t\t\t\t<span class=\"elementor-icon-list-icon\">\n\t\t\t\t\t\t\t<i aria-hidden=\"true\" class=\"fab fa-facebook-f\"><\/i>\t\t\t\t\t\t<\/span>\n\t\t\t\t\t\t\t\t\t\t<span class=\"elementor-icon-list-text\"><\/span>\n\t\t\t\t\t\t\t\t\t\t\t<\/a>\n\t\t\t\t\t\t\t\t\t<\/li>\n\t\t\t\t\t\t\t\t<li class=\"elementor-icon-list-item elementor-inline-item\">\n\t\t\t\t\t\t\t\t\t\t\t<a href=\"#\">\n\n\t\t\t\t\t\t\t\t\t\t\t\t<span class=\"elementor-icon-list-icon\">\n\t\t\t\t\t\t\t<i aria-hidden=\"true\" class=\"fab fa-x-twitter\"><\/i>\t\t\t\t\t\t<\/span>\n\t\t\t\t\t\t\t\t\t\t<span class=\"elementor-icon-list-text\"><\/span>\n\t\t\t\t\t\t\t\t\t\t\t<\/a>\n\t\t\t\t\t\t\t\t\t<\/li>\n\t\t\t\t\t\t\t\t<li class=\"elementor-icon-list-item elementor-inline-item\">\n\t\t\t\t\t\t\t\t\t\t\t<a href=\"#\">\n\n\t\t\t\t\t\t\t\t\t\t\t\t<span class=\"elementor-icon-list-icon\">\n\t\t\t\t\t\t\t<i aria-hidden=\"true\" class=\"fab fa-instagram\"><\/i>\t\t\t\t\t\t<\/span>\n\t\t\t\t\t\t\t\t\t\t<span class=\"elementor-icon-list-text\"><\/span>\n\t\t\t\t\t\t\t\t\t\t\t<\/a>\n\t\t\t\t\t\t\t\t\t<\/li>\n\t\t\t\t\t\t<\/ul>\n\t\t\t\t\t\t<\/div>\n\t\t\t\t<\/div>\n\t\t\t\t<\/div>\n\t\t<div class=\"elementor-element elementor-element-b955b4d e-con-full e-flex elementor-invisible e-con e-child\" data-id=\"b955b4d\" data-element_type=\"container\" data-e-type=\"container\" data-settings=\"{&quot;animation&quot;:&quot;fadeInRight&quot;}\">\n\t\t\t\t<div class=\"elementor-element elementor-element-1a43c82 elementor-button-align-start elementor-widget elementor-widget-form\" data-id=\"1a43c82\" data-element_type=\"widget\" data-e-type=\"widget\" data-settings=\"{&quot;step_next_label&quot;:&quot;Next&quot;,&quot;step_previous_label&quot;:&quot;Previous&quot;,&quot;button_width&quot;:&quot;100&quot;,&quot;step_type&quot;:&quot;number_text&quot;,&quot;step_icon_shape&quot;:&quot;circle&quot;}\" data-widget_type=\"form.default\">\n\t\t\t\t<div class=\"elementor-widget-container\">\n\t\t\t\t\t\t\t<form class=\"elementor-form\" method=\"post\" name=\"Contact Form - FR\" aria-label=\"Contact Form - FR\">\n\t\t\t<input type=\"hidden\" name=\"post_id\" value=\"14500\"\/>\n\t\t\t<input type=\"hidden\" name=\"form_id\" value=\"1a43c82\"\/>\n\t\t\t<input type=\"hidden\" name=\"referer_title\" value=\"Contact - VELOS 17 LOISIRS - Bicycles rental - Oleron Island\" \/>\n\n\t\t\t\t\t\t\t<input type=\"hidden\" name=\"queried_id\" value=\"14500\"\/>\n\t\t\t\n\t\t\t<div class=\"elementor-form-fields-wrapper elementor-labels-above\">\n\t\t\t\t\t\t\t\t<div class=\"elementor-field-type-text elementor-field-group elementor-column elementor-field-group-name elementor-col-100 elementor-field-required\">\n\t\t\t\t\t\t\t\t\t\t\t\t\t<input size=\"1\" type=\"text\" name=\"form_fields[name]\" id=\"form-field-name\" class=\"elementor-field elementor-size-sm  elementor-field-textual\" placeholder=\"Name\" required=\"required\">\n\t\t\t\t\t\t\t\t\t\t\t<\/div>\n\t\t\t\t\t\t\t\t<div class=\"elementor-field-type-email elementor-field-group elementor-column elementor-field-group-email elementor-col-100 elementor-field-required\">\n\t\t\t\t\t\t\t\t\t\t\t\t\t<input size=\"1\" type=\"email\" name=\"form_fields[email]\" id=\"form-field-email\" class=\"elementor-field elementor-size-sm  elementor-field-textual\" placeholder=\"E-mail\" required=\"required\">\n\t\t\t\t\t\t\t\t\t\t\t<\/div>\n\t\t\t\t\t\t\t\t<div class=\"elementor-field-type-text elementor-field-group elementor-column elementor-field-group-field_b7cbc69 elementor-col-100 elementor-field-required\">\n\t\t\t\t\t\t\t\t\t\t\t\t\t<input size=\"1\" type=\"text\" name=\"form_fields[field_b7cbc69]\" id=\"form-field-field_b7cbc69\" class=\"elementor-field elementor-size-sm  elementor-field-textual\" placeholder=\"Subject\" required=\"required\">\n\t\t\t\t\t\t\t\t\t\t\t<\/div>\n\t\t\t\t\t\t\t\t<div class=\"elementor-field-type-textarea elementor-field-group elementor-column elementor-field-group-message elementor-col-100 elementor-field-required\">\n\t\t\t\t\t<textarea class=\"elementor-field-textual elementor-field  elementor-size-sm\" name=\"form_fields[message]\" id=\"form-field-message\" rows=\"4\" placeholder=\"Message :\" required=\"required\"><\/textarea>\t\t\t\t<\/div>\n\t\t\t\t\t\t\t\t<div class=\"elementor-field-group elementor-column elementor-field-type-submit elementor-col-100 e-form__buttons\">\n\t\t\t\t\t<button class=\"elementor-button elementor-size-sm\" type=\"submit\">\n\t\t\t\t\t\t<span class=\"elementor-button-content-wrapper\">\n\t\t\t\t\t\t\t\t\t\t\t\t\t\t\t\t\t\t\t\t\t\t<span class=\"elementor-button-text\">Envoyer<i class=\"icon icon-arrow-right\"><\/i><\/span>\n\t\t\t\t\t\t\t\t\t\t\t\t\t<\/span>\n\t\t\t\t\t<\/button>\n\t\t\t\t<\/div>\n\t\t\t<\/div>\n\t\t<\/form>\n\t\t\t\t\t\t<\/div>\n\t\t\t\t<\/div>\n\t\t\t\t<\/div>\n\t\t\t\t\t<\/div>\n\t\t\t\t<\/div>\n\t\t\t\t<\/div>\n\t\t","protected":false},"excerpt":{"rendered":"<p>V\u00c9LOS 17 LOISIRS Si\u00e8ge social : 111 Avenue de Bel Air , 17310 Saint-Pierre D\u2019Ol\u00e9ron T\u00e9l\u00e9phone :\u00a005 46 47 14 05<\/p>\n","protected":false},"author":3,"featured_media":28929,"parent":0,"menu_order":0,"comment_status":"closed","ping_status":"closed","template":"","meta":{"footnotes":""},"class_list":["post-14500","page","type-page","status-publish","has-post-thumbnail","hentry"],"yoast_head":"<!-- This site is optimized with the Yoast SEO plugin v27.4 - https:\/\/yoast.com\/product\/yoast-seo-wordpress\/ -->\n<title>Contact - VELOS 17 LOISIRS - Bicycles rental - Oleron Island<\/title>\n<meta name=\"description\" content=\"Contact us for any inquiries concerning the rental, sale and repair of bicycles, scooters, motorbikes and quads on the island of Oleron.\" \/>\n<meta name=\"robots\" content=\"index, follow, max-snippet:-1, max-image-preview:large, max-video-preview:-1\" \/>\n<link rel=\"canonical\" href=\"https:\/\/www.velos17loisirs.com\/contact\/\" \/>\n<meta property=\"og:locale\" content=\"en_US\" \/>\n<meta property=\"og:type\" content=\"article\" \/>\n<meta property=\"og:title\" content=\"Contact - VELOS 17 LOISIRS - Bicycles rental - Oleron Island\" \/>\n<meta property=\"og:description\" content=\"Contact us for any inquiries concerning the rental, sale and repair of bicycles, scooters, motorbikes and quads on the island of Oleron.\" \/>\n<meta property=\"og:url\" content=\"https:\/\/www.velos17loisirs.com\/contact\/\" \/>\n<meta property=\"og:site_name\" content=\"Velos 17 Loisirs\" \/>\n<meta property=\"article:modified_time\" content=\"2025-07-11T08:20:25+00:00\" \/>\n<meta property=\"og:image\" content=\"https:\/\/www.velos17loisirs.com\/wp-content\/uploads\/2025\/01\/Location-CTA-1.jpg\" \/>\n\t<meta property=\"og:image:width\" content=\"800\" \/>\n\t<meta property=\"og:image:height\" content=\"613\" \/>\n\t<meta property=\"og:image:type\" content=\"image\/jpeg\" \/>\n<meta name=\"twitter:card\" content=\"summary_large_image\" \/>\n<meta name=\"twitter:label1\" content=\"Est. reading time\" \/>\n\t<meta name=\"twitter:data1\" content=\"1 minute\" \/>\n<script type=\"application\/ld+json\" class=\"yoast-schema-graph\">{\"@context\":\"https:\\\/\\\/schema.org\",\"@graph\":[{\"@type\":\"WebPage\",\"@id\":\"https:\\\/\\\/www.velos17loisirs.com\\\/contact\\\/\",\"url\":\"https:\\\/\\\/www.velos17loisirs.com\\\/contact\\\/\",\"name\":\"Contact - VELOS 17 LOISIRS - Bicycles rental - Oleron Island\",\"isPartOf\":{\"@id\":\"https:\\\/\\\/www.velos17loisirs.com\\\/#website\"},\"primaryImageOfPage\":{\"@id\":\"https:\\\/\\\/www.velos17loisirs.com\\\/contact\\\/#primaryimage\"},\"image\":{\"@id\":\"https:\\\/\\\/www.velos17loisirs.com\\\/contact\\\/#primaryimage\"},\"thumbnailUrl\":\"https:\\\/\\\/www.velos17loisirs.com\\\/wp-content\\\/uploads\\\/2025\\\/01\\\/Location-CTA-1.jpg\",\"datePublished\":\"2021-03-04T17:19:06+00:00\",\"dateModified\":\"2025-07-11T08:20:25+00:00\",\"description\":\"Contact us for any inquiries concerning the rental, sale and repair of bicycles, scooters, motorbikes and quads on the island of Oleron.\",\"breadcrumb\":{\"@id\":\"https:\\\/\\\/www.velos17loisirs.com\\\/contact\\\/#breadcrumb\"},\"inLanguage\":\"en-US\",\"potentialAction\":[{\"@type\":\"ReadAction\",\"target\":[\"https:\\\/\\\/www.velos17loisirs.com\\\/contact\\\/\"]}]},{\"@type\":\"ImageObject\",\"inLanguage\":\"en-US\",\"@id\":\"https:\\\/\\\/www.velos17loisirs.com\\\/contact\\\/#primaryimage\",\"url\":\"https:\\\/\\\/www.velos17loisirs.com\\\/wp-content\\\/uploads\\\/2025\\\/01\\\/Location-CTA-1.jpg\",\"contentUrl\":\"https:\\\/\\\/www.velos17loisirs.com\\\/wp-content\\\/uploads\\\/2025\\\/01\\\/Location-CTA-1.jpg\",\"width\":800,\"height\":613},{\"@type\":\"BreadcrumbList\",\"@id\":\"https:\\\/\\\/www.velos17loisirs.com\\\/contact\\\/#breadcrumb\",\"itemListElement\":[{\"@type\":\"ListItem\",\"position\":1,\"name\":\"Accueil\",\"item\":\"https:\\\/\\\/www.velos17loisirs.com\\\/\"},{\"@type\":\"ListItem\",\"position\":2,\"name\":\"Contact\"}]},{\"@type\":\"WebSite\",\"@id\":\"https:\\\/\\\/www.velos17loisirs.com\\\/#website\",\"url\":\"https:\\\/\\\/www.velos17loisirs.com\\\/\",\"name\":\"Velos 17 Loisirs\",\"description\":\"Location de v\u00e9los Ile d&#039;Ol\u00e9ron\",\"publisher\":{\"@id\":\"https:\\\/\\\/www.velos17loisirs.com\\\/#organization\"},\"potentialAction\":[{\"@type\":\"SearchAction\",\"target\":{\"@type\":\"EntryPoint\",\"urlTemplate\":\"https:\\\/\\\/www.velos17loisirs.com\\\/?s={search_term_string}\"},\"query-input\":{\"@type\":\"PropertyValueSpecification\",\"valueRequired\":true,\"valueName\":\"search_term_string\"}}],\"inLanguage\":\"en-US\"},{\"@type\":\"Organization\",\"@id\":\"https:\\\/\\\/www.velos17loisirs.com\\\/#organization\",\"name\":\"Velos 17 Loisirs\",\"url\":\"https:\\\/\\\/www.velos17loisirs.com\\\/\",\"logo\":{\"@type\":\"ImageObject\",\"inLanguage\":\"en-US\",\"@id\":\"https:\\\/\\\/www.velos17loisirs.com\\\/#\\\/schema\\\/logo\\\/image\\\/\",\"url\":\"https:\\\/\\\/www.velos17loisirs.com\\\/wp-content\\\/uploads\\\/2021\\\/01\\\/logo-velos17loisirs-menu2.jpg\",\"contentUrl\":\"https:\\\/\\\/www.velos17loisirs.com\\\/wp-content\\\/uploads\\\/2021\\\/01\\\/logo-velos17loisirs-menu2.jpg\",\"width\":300,\"height\":300,\"caption\":\"Velos 17 Loisirs\"},\"image\":{\"@id\":\"https:\\\/\\\/www.velos17loisirs.com\\\/#\\\/schema\\\/logo\\\/image\\\/\"}}]}<\/script>\n<!-- \/ Yoast SEO plugin. -->","yoast_head_json":{"title":"Contact - VELOS 17 LOISIRS - Bicycles rental - Oleron Island","description":"Contact us for any inquiries concerning the rental, sale and repair of bicycles, scooters, motorbikes and quads on the island of Oleron.","robots":{"index":"index","follow":"follow","max-snippet":"max-snippet:-1","max-image-preview":"max-image-preview:large","max-video-preview":"max-video-preview:-1"},"canonical":"https:\/\/www.velos17loisirs.com\/contact\/","og_locale":"en_US","og_type":"article","og_title":"Contact - VELOS 17 LOISIRS - Bicycles rental - Oleron Island","og_description":"Contact us for any inquiries concerning the rental, sale and repair of bicycles, scooters, motorbikes and quads on the island of Oleron.","og_url":"https:\/\/www.velos17loisirs.com\/contact\/","og_site_name":"Velos 17 Loisirs","article_modified_time":"2025-07-11T08:20:25+00:00","og_image":[{"width":800,"height":613,"url":"https:\/\/www.velos17loisirs.com\/wp-content\/uploads\/2025\/01\/Location-CTA-1.jpg","type":"image\/jpeg"}],"twitter_card":"summary_large_image","twitter_misc":{"Est. reading time":"1 minute"},"schema":{"@context":"https:\/\/schema.org","@graph":[{"@type":"WebPage","@id":"https:\/\/www.velos17loisirs.com\/contact\/","url":"https:\/\/www.velos17loisirs.com\/contact\/","name":"Contact - VELOS 17 LOISIRS - Bicycles rental - Oleron Island","isPartOf":{"@id":"https:\/\/www.velos17loisirs.com\/#website"},"primaryImageOfPage":{"@id":"https:\/\/www.velos17loisirs.com\/contact\/#primaryimage"},"image":{"@id":"https:\/\/www.velos17loisirs.com\/contact\/#primaryimage"},"thumbnailUrl":"https:\/\/www.velos17loisirs.com\/wp-content\/uploads\/2025\/01\/Location-CTA-1.jpg","datePublished":"2021-03-04T17:19:06+00:00","dateModified":"2025-07-11T08:20:25+00:00","description":"Contact us for any inquiries concerning the rental, sale and repair of bicycles, scooters, motorbikes and quads on the island of Oleron.","breadcrumb":{"@id":"https:\/\/www.velos17loisirs.com\/contact\/#breadcrumb"},"inLanguage":"en-US","potentialAction":[{"@type":"ReadAction","target":["https:\/\/www.velos17loisirs.com\/contact\/"]}]},{"@type":"ImageObject","inLanguage":"en-US","@id":"https:\/\/www.velos17loisirs.com\/contact\/#primaryimage","url":"https:\/\/www.velos17loisirs.com\/wp-content\/uploads\/2025\/01\/Location-CTA-1.jpg","contentUrl":"https:\/\/www.velos17loisirs.com\/wp-content\/uploads\/2025\/01\/Location-CTA-1.jpg","width":800,"height":613},{"@type":"BreadcrumbList","@id":"https:\/\/www.velos17loisirs.com\/contact\/#breadcrumb","itemListElement":[{"@type":"ListItem","position":1,"name":"Accueil","item":"https:\/\/www.velos17loisirs.com\/"},{"@type":"ListItem","position":2,"name":"Contact"}]},{"@type":"WebSite","@id":"https:\/\/www.velos17loisirs.com\/#website","url":"https:\/\/www.velos17loisirs.com\/","name":"Velos 17 Loisirs","description":"Location de v\u00e9los Ile d&#039;Ol\u00e9ron","publisher":{"@id":"https:\/\/www.velos17loisirs.com\/#organization"},"potentialAction":[{"@type":"SearchAction","target":{"@type":"EntryPoint","urlTemplate":"https:\/\/www.velos17loisirs.com\/?s={search_term_string}"},"query-input":{"@type":"PropertyValueSpecification","valueRequired":true,"valueName":"search_term_string"}}],"inLanguage":"en-US"},{"@type":"Organization","@id":"https:\/\/www.velos17loisirs.com\/#organization","name":"Velos 17 Loisirs","url":"https:\/\/www.velos17loisirs.com\/","logo":{"@type":"ImageObject","inLanguage":"en-US","@id":"https:\/\/www.velos17loisirs.com\/#\/schema\/logo\/image\/","url":"https:\/\/www.velos17loisirs.com\/wp-content\/uploads\/2021\/01\/logo-velos17loisirs-menu2.jpg","contentUrl":"https:\/\/www.velos17loisirs.com\/wp-content\/uploads\/2021\/01\/logo-velos17loisirs-menu2.jpg","width":300,"height":300,"caption":"Velos 17 Loisirs"},"image":{"@id":"https:\/\/www.velos17loisirs.com\/#\/schema\/logo\/image\/"}}]}},"_links":{"self":[{"href":"https:\/\/www.velos17loisirs.com\/en\/wp-json\/wp\/v2\/pages\/14500","targetHints":{"allow":["GET"]}}],"collection":[{"href":"https:\/\/www.velos17loisirs.com\/en\/wp-json\/wp\/v2\/pages"}],"about":[{"href":"https:\/\/www.velos17loisirs.com\/en\/wp-json\/wp\/v2\/types\/page"}],"author":[{"embeddable":true,"href":"https:\/\/www.velos17loisirs.com\/en\/wp-json\/wp\/v2\/users\/3"}],"replies":[{"embeddable":true,"href":"https:\/\/www.velos17loisirs.com\/en\/wp-json\/wp\/v2\/comments?post=14500"}],"version-history":[{"count":6,"href":"https:\/\/www.velos17loisirs.com\/en\/wp-json\/wp\/v2\/pages\/14500\/revisions"}],"predecessor-version":[{"id":35618,"href":"https:\/\/www.velos17loisirs.com\/en\/wp-json\/wp\/v2\/pages\/14500\/revisions\/35618"}],"wp:featuredmedia":[{"embeddable":true,"href":"https:\/\/www.velos17loisirs.com\/en\/wp-json\/wp\/v2\/media\/28929"}],"wp:attachment":[{"href":"https:\/\/www.velos17loisirs.com\/en\/wp-json\/wp\/v2\/media?parent=14500"}],"curies":[{"name":"wp","href":"https:\/\/api.w.org\/{rel}","templated":true}]}}