{"id":14467,"date":"2021-03-04T17:35:21","date_gmt":"2021-03-04T16:35:21","guid":{"rendered":"https:\/\/www.velos17loisirs.com\/family-plus\/"},"modified":"2025-05-13T11:53:12","modified_gmt":"2025-05-13T09:53:12","slug":"family-plus","status":"publish","type":"page","link":"https:\/\/www.velos17loisirs.com\/en\/family-plus\/","title":{"rendered":"Family Plus"},"content":{"rendered":"\t\t<div data-elementor-type=\"wp-page\" data-elementor-id=\"14467\" class=\"elementor elementor-14467 elementor-12872\" data-elementor-post-type=\"page\">\n\t\t\t\t<div class=\"elementor-element elementor-element-42d6e606 e-flex e-con-boxed e-con e-parent\" data-id=\"42d6e606\" data-element_type=\"container\" data-e-type=\"container\">\n\t\t\t\t\t<div class=\"e-con-inner\">\n\t\t<div class=\"elementor-element elementor-element-31d20a7 e-con-full e-flex e-con e-child\" data-id=\"31d20a7\" data-element_type=\"container\" data-e-type=\"container\">\n\t\t<div class=\"elementor-element elementor-element-dda700e e-con-full e-flex e-con e-child\" data-id=\"dda700e\" data-element_type=\"container\" data-e-type=\"container\">\n\t\t<div class=\"elementor-element elementor-element-e4cd6e1 e-con-full e-flex e-con e-child\" data-id=\"e4cd6e1\" data-element_type=\"container\" data-e-type=\"container\">\n\t\t\t\t<div class=\"elementor-element elementor-element-dbd581c elementor-widget elementor-widget-image\" data-id=\"dbd581c\" data-element_type=\"widget\" data-e-type=\"widget\" data-widget_type=\"image.default\">\n\t\t\t\t<div class=\"elementor-widget-container\">\n\t\t\t\t\t\t\t\t\t\t\t\t\t\t\t<img fetchpriority=\"high\" decoding=\"async\" width=\"800\" height=\"800\" src=\"https:\/\/www.velos17loisirs.com\/wp-content\/uploads\/2024\/09\/marais-salants-ile-oleron-a-velo.png\" class=\"attachment-large size-large wp-image-28519\" alt=\"Marais salants ile ol\u00e9ron \u00e0 v\u00e9lo\" srcset=\"https:\/\/www.velos17loisirs.com\/wp-content\/uploads\/2024\/09\/marais-salants-ile-oleron-a-velo.png 1024w, https:\/\/www.velos17loisirs.com\/wp-content\/uploads\/2024\/09\/marais-salants-ile-oleron-a-velo-500x500.png 500w, https:\/\/www.velos17loisirs.com\/wp-content\/uploads\/2024\/09\/marais-salants-ile-oleron-a-velo-100x100.png 100w, https:\/\/www.velos17loisirs.com\/wp-content\/uploads\/2024\/09\/marais-salants-ile-oleron-a-velo-700x700.png 700w, https:\/\/www.velos17loisirs.com\/wp-content\/uploads\/2024\/09\/marais-salants-ile-oleron-a-velo-300x300.png 300w, https:\/\/www.velos17loisirs.com\/wp-content\/uploads\/2024\/09\/marais-salants-ile-oleron-a-velo-150x150.png 150w, https:\/\/www.velos17loisirs.com\/wp-content\/uploads\/2024\/09\/marais-salants-ile-oleron-a-velo-768x768.png 768w, https:\/\/www.velos17loisirs.com\/wp-content\/uploads\/2024\/09\/marais-salants-ile-oleron-a-velo-66x66.png 66w, https:\/\/www.velos17loisirs.com\/wp-content\/uploads\/2024\/09\/marais-salants-ile-oleron-a-velo-200x200.png 200w, https:\/\/www.velos17loisirs.com\/wp-content\/uploads\/2024\/09\/marais-salants-ile-oleron-a-velo-400x400.png 400w, https:\/\/www.velos17loisirs.com\/wp-content\/uploads\/2024\/09\/marais-salants-ile-oleron-a-velo-600x600.png 600w, https:\/\/www.velos17loisirs.com\/wp-content\/uploads\/2024\/09\/marais-salants-ile-oleron-a-velo-800x800.png 800w\" sizes=\"(max-width: 800px) 100vw, 800px\" \/>\t\t\t\t\t\t\t\t\t\t\t\t\t\t\t<\/div>\n\t\t\t\t<\/div>\n\t\t\t\t<\/div>\n\t\t<div class=\"elementor-element elementor-element-5cc8bac e-con-full e-flex e-con e-child\" data-id=\"5cc8bac\" data-element_type=\"container\" data-e-type=\"container\">\n\t\t\t\t<div class=\"elementor-element elementor-element-81b6b00 elementor-widget elementor-widget-image\" data-id=\"81b6b00\" data-element_type=\"widget\" data-e-type=\"widget\" data-widget_type=\"image.default\">\n\t\t\t\t<div class=\"elementor-widget-container\">\n\t\t\t\t\t\t\t\t\t\t\t\t\t\t\t<img decoding=\"async\" width=\"250\" height=\"250\" src=\"https:\/\/www.velos17loisirs.com\/wp-content\/uploads\/2021\/01\/famille-velo17loisirs.png\" class=\"attachment-large size-large wp-image-12658\" alt=\"Family plus - V\u00e9los 17 loisirs\" srcset=\"https:\/\/www.velos17loisirs.com\/wp-content\/uploads\/2021\/01\/famille-velo17loisirs.png 250w, https:\/\/www.velos17loisirs.com\/wp-content\/uploads\/2021\/01\/famille-velo17loisirs-100x100.png 100w, https:\/\/www.velos17loisirs.com\/wp-content\/uploads\/2021\/01\/famille-velo17loisirs-150x150.png 150w, https:\/\/www.velos17loisirs.com\/wp-content\/uploads\/2021\/01\/famille-velo17loisirs-66x66.png 66w, https:\/\/www.velos17loisirs.com\/wp-content\/uploads\/2021\/01\/famille-velo17loisirs-200x200.png 200w\" sizes=\"(max-width: 250px) 100vw, 250px\" \/>\t\t\t\t\t\t\t\t\t\t\t\t\t\t\t<\/div>\n\t\t\t\t<\/div>\n\t\t\t\t<div class=\"elementor-element elementor-element-5dfd650 elementor-widget elementor-widget-heading\" data-id=\"5dfd650\" data-element_type=\"widget\" data-e-type=\"widget\" data-widget_type=\"heading.default\">\n\t\t\t\t<div class=\"elementor-widget-container\">\n\t\t\t\t\t<h2 class=\"elementor-heading-title elementor-size-default\">SMART RATES<\/h2>\t\t\t\t<\/div>\n\t\t\t\t<\/div>\n\t\t\t\t<div class=\"elementor-element elementor-element-ea9bfb3 elementor-widget elementor-widget-text-editor\" data-id=\"ea9bfb3\" data-element_type=\"widget\" data-e-type=\"widget\" data-widget_type=\"text-editor.default\">\n\t\t\t\t<div class=\"elementor-widget-container\">\n\t\t\t\t\t\t\t\t\t<ul>\n<li>5% discount on 5 or more bikes<\/li>\n<li>Free child helmet for children up to 6 years old<\/li>\n<li>Free delivery for 6 days of rental<\/li>\n<li>Free 1\/2 hour of quad biking with a 6-day bike rental<\/li>\n<\/ul>\n\t\t\t\t\t\t\t\t<\/div>\n\t\t\t\t<\/div>\n\t\t\t\t<div class=\"elementor-element elementor-element-c8901b0 elementor-widget elementor-widget-heading\" data-id=\"c8901b0\" data-element_type=\"widget\" data-e-type=\"widget\" data-widget_type=\"heading.default\">\n\t\t\t\t<div class=\"elementor-widget-container\">\n\t\t\t\t\t<h3 class=\"elementor-heading-title elementor-size-default\">Discovery of the island of Ol\u00e9ron<\/h3>\t\t\t\t<\/div>\n\t\t\t\t<\/div>\n\t\t\t\t<div class=\"elementor-element elementor-element-8bbebf4 elementor-widget elementor-widget-text-editor\" data-id=\"8bbebf4\" data-element_type=\"widget\" data-e-type=\"widget\" data-widget_type=\"text-editor.default\">\n\t\t\t\t<div class=\"elementor-widget-container\">\n\t\t\t\t\t\t\t\t\t<ul>\n<li>A 160 km cycle path circuit for safe rides (map provided)<\/li>\n<\/ul>\n\t\t\t\t\t\t\t\t<\/div>\n\t\t\t\t<\/div>\n\t\t\t\t<div class=\"elementor-element elementor-element-ae217fa elementor-widget elementor-widget-heading\" data-id=\"ae217fa\" data-element_type=\"widget\" data-e-type=\"widget\" data-widget_type=\"heading.default\">\n\t\t\t\t<div class=\"elementor-widget-container\">\n\t\t\t\t\t<h3 class=\"elementor-heading-title elementor-size-default\">Reservation and payment<\/h3>\t\t\t\t<\/div>\n\t\t\t\t<\/div>\n\t\t\t\t<div class=\"elementor-element elementor-element-32d6d50 elementor-widget elementor-widget-text-editor\" data-id=\"32d6d50\" data-element_type=\"widget\" data-e-type=\"widget\" data-widget_type=\"text-editor.default\">\n\t\t\t\t<div class=\"elementor-widget-container\">\n\t\t\t\t\t\t\t\t\t<ul>\r\n \t<li>Book with peace of mind on our website<\/li>\r\n \t<li>Secure payment: Credit card &#8211; PayPal &#8211; ANCV check &#8211; Apple Pay &#8211;<\/li>\r\n \t<li>On-site with holiday vouchers \u2013 cash or check<\/li>\r\n<\/ul>\t\t\t\t\t\t\t\t<\/div>\n\t\t\t\t<\/div>\n\t\t\t\t<\/div>\n\t\t\t\t<\/div>\n\t\t<div class=\"elementor-element elementor-element-f97d619 e-con-full e-flex e-con e-child\" data-id=\"f97d619\" data-element_type=\"container\" data-e-type=\"container\">\n\t\t<div class=\"elementor-element elementor-element-b282083 e-con-full e-flex e-con e-child\" data-id=\"b282083\" data-element_type=\"container\" data-e-type=\"container\">\n\t\t\t\t<div class=\"elementor-element elementor-element-7b0a58b elementor-widget elementor-widget-heading\" data-id=\"7b0a58b\" data-element_type=\"widget\" data-e-type=\"widget\" data-widget_type=\"heading.default\">\n\t\t\t\t<div class=\"elementor-widget-container\">\n\t\t\t\t\t<h3 class=\"elementor-heading-title elementor-size-default\">BICYCLES AND ACCESSORIES<\/h3>\t\t\t\t<\/div>\n\t\t\t\t<\/div>\n\t\t\t\t<div class=\"elementor-element elementor-element-3fec1fa elementor-widget elementor-widget-text-editor\" data-id=\"3fec1fa\" data-element_type=\"widget\" data-e-type=\"widget\" data-widget_type=\"text-editor.default\">\n\t\t\t\t<div class=\"elementor-widget-container\">\n\t\t\t\t\t\t\t\t\t<ul>\n<li>A range of bikes suitable for the whole family<\/li>\n<li>Approved child trailers for little ones from 6 months old<\/li>\n<li>Tag bikes for 6-7 year olds<\/li>\n<li>Helmets for safety and child seats for comfort, with a maximum weight of 23 kg<\/li>\n<\/ul>\n\t\t\t\t\t\t\t\t<\/div>\n\t\t\t\t<\/div>\n\t\t\t\t<div class=\"elementor-element elementor-element-89b8463 elementor-widget elementor-widget-heading\" data-id=\"89b8463\" data-element_type=\"widget\" data-e-type=\"widget\" data-widget_type=\"heading.default\">\n\t\t\t\t<div class=\"elementor-widget-container\">\n\t\t\t\t\t<h3 class=\"elementor-heading-title elementor-size-default\">Reception and information<\/h3>\t\t\t\t<\/div>\n\t\t\t\t<\/div>\n\t\t\t\t<div class=\"elementor-element elementor-element-be16ad9 elementor-widget elementor-widget-text-editor\" data-id=\"be16ad9\" data-element_type=\"widget\" data-e-type=\"widget\" data-widget_type=\"text-editor.default\">\n\t\t\t\t<div class=\"elementor-widget-container\">\n\t\t\t\t\t\t\t\t\t<ul>\n<li>7 days a week during the season at our 6 rental locations<\/li>\n<li>From 9:30 a.m. to 12:30 p.m. and from 2:00 p.m. to 7:00 p.m. in St Denis \u2013 St Trojan \u2013 Dolus \u2013 Domino \u2013 La Bree<\/li>\n<li>From 8:00 a.m. to 8:00 p.m. in St Pierre d&#8217;Ol\u00e9ron<\/li>\n<\/ul>\n\t\t\t\t\t\t\t\t<\/div>\n\t\t\t\t<\/div>\n\t\t\t\t<div class=\"elementor-element elementor-element-8cc25d7 elementor-widget elementor-widget-heading\" data-id=\"8cc25d7\" data-element_type=\"widget\" data-e-type=\"widget\" data-widget_type=\"heading.default\">\n\t\t\t\t<div class=\"elementor-widget-container\">\n\t\t\t\t\t<h3 class=\"elementor-heading-title elementor-size-default\">Delivery service<\/h3>\t\t\t\t<\/div>\n\t\t\t\t<\/div>\n\t\t\t\t<div class=\"elementor-element elementor-element-7ad8fa9 elementor-widget elementor-widget-text-editor\" data-id=\"7ad8fa9\" data-element_type=\"widget\" data-e-type=\"widget\" data-widget_type=\"text-editor.default\">\n\t\t\t\t<div class=\"elementor-widget-container\">\n\t\t\t\t\t\t\t\t\t<ul>\r\n \t<li>Online reservation available every day (hours vary depending on the number of visitors)<\/li>\r\n \t<li>By reservation available at our Saint Pierre boutique (as soon as possible, according to the schedule)<\/li>\r\n<\/ul>\t\t\t\t\t\t\t\t<\/div>\n\t\t\t\t<\/div>\n\t\t\t\t<\/div>\n\t\t<div class=\"elementor-element elementor-element-a54578e e-con-full e-flex e-con e-child\" data-id=\"a54578e\" data-element_type=\"container\" data-e-type=\"container\">\n\t\t\t\t<div class=\"elementor-element elementor-element-08c82ea elementor-widget elementor-widget-image\" data-id=\"08c82ea\" data-element_type=\"widget\" data-e-type=\"widget\" data-widget_type=\"image.default\">\n\t\t\t\t<div class=\"elementor-widget-container\">\n\t\t\t\t\t\t\t\t\t\t\t\t\t\t\t<img decoding=\"async\" width=\"800\" height=\"818\" src=\"https:\/\/www.velos17loisirs.com\/wp-content\/uploads\/2025\/01\/home-section-image-02.jpg\" class=\"attachment-large size-large wp-image-28776\" alt=\"\" srcset=\"https:\/\/www.velos17loisirs.com\/wp-content\/uploads\/2025\/01\/home-section-image-02.jpg 1000w, https:\/\/www.velos17loisirs.com\/wp-content\/uploads\/2025\/01\/home-section-image-02-293x300.jpg 293w, https:\/\/www.velos17loisirs.com\/wp-content\/uploads\/2025\/01\/home-section-image-02-768x786.jpg 768w, https:\/\/www.velos17loisirs.com\/wp-content\/uploads\/2025\/01\/home-section-image-02-500x512.jpg 500w, https:\/\/www.velos17loisirs.com\/wp-content\/uploads\/2025\/01\/home-section-image-02-700x716.jpg 700w\" sizes=\"(max-width: 800px) 100vw, 800px\" \/>\t\t\t\t\t\t\t\t\t\t\t\t\t\t\t<\/div>\n\t\t\t\t<\/div>\n\t\t\t\t<\/div>\n\t\t\t\t<\/div>\n\t\t\t\t<\/div>\n\t\t\t\t\t<\/div>\n\t\t\t\t<\/div>\n\t\t\t\t<\/div>\n\t\t","protected":false},"excerpt":{"rendered":"<p>SMART RATES 5% discount on 5 or more bikes Free child helmet for children up to 6 years old Free delivery for 6 days of rental Free 1\/2 hour of quad biking with a 6-day bike rental Discovery of the island of Ol\u00e9ron A 160 km cycle path circuit for safe rides (map provided) Reservation [&hellip;]<\/p>\n","protected":false},"author":3,"featured_media":28512,"parent":0,"menu_order":0,"comment_status":"closed","ping_status":"closed","template":"","meta":{"footnotes":""},"class_list":["post-14467","page","type-page","status-publish","has-post-thumbnail","hentry"],"yoast_head":"<!-- This site is optimized with the Yoast SEO plugin v27.6 - https:\/\/yoast.com\/product\/yoast-seo-wordpress\/ -->\n<title>Family Plus, benefits and rates for bicycle rentals<\/title>\n<meta name=\"description\" content=\"Family Plus, benefits and rates for bicycle rentals on the island of Ol\u00e9ron in Charente Maritime. Explore the 120 km of bike paths ...\" \/>\n<meta name=\"robots\" content=\"index, follow, max-snippet:-1, max-image-preview:large, max-video-preview:-1\" \/>\n<link rel=\"canonical\" href=\"https:\/\/www.velos17loisirs.com\/famille-plus\/\" \/>\n<meta property=\"og:locale\" content=\"en_US\" \/>\n<meta property=\"og:type\" content=\"article\" \/>\n<meta property=\"og:title\" content=\"Family Plus, benefits and rates for bicycle rentals\" \/>\n<meta property=\"og:description\" content=\"Family Plus, benefits and rates for bicycle rentals on the island of Ol\u00e9ron in Charente Maritime. Explore the 120 km of bike paths ...\" \/>\n<meta property=\"og:url\" content=\"https:\/\/www.velos17loisirs.com\/famille-plus\/\" \/>\n<meta property=\"og:site_name\" content=\"Velos 17 Loisirs\" \/>\n<meta property=\"article:modified_time\" content=\"2025-05-13T09:53:12+00:00\" \/>\n<meta property=\"og:image\" content=\"https:\/\/www.velos17loisirs.com\/wp-content\/uploads\/2024\/09\/pistes-cyclables-sur-l-ile-d-oleron.png\" \/>\n\t<meta property=\"og:image:width\" content=\"1024\" \/>\n\t<meta property=\"og:image:height\" content=\"1024\" \/>\n\t<meta property=\"og:image:type\" content=\"image\/png\" \/>\n<meta name=\"twitter:card\" content=\"summary_large_image\" \/>\n<meta name=\"twitter:label1\" content=\"Est. reading time\" \/>\n\t<meta name=\"twitter:data1\" content=\"2 minutes\" \/>\n<script type=\"application\/ld+json\" class=\"yoast-schema-graph\">{\"@context\":\"https:\\\/\\\/schema.org\",\"@graph\":[{\"@type\":\"WebPage\",\"@id\":\"https:\\\/\\\/www.velos17loisirs.com\\\/famille-plus\\\/\",\"url\":\"https:\\\/\\\/www.velos17loisirs.com\\\/famille-plus\\\/\",\"name\":\"Family Plus, benefits and rates for bicycle rentals\",\"isPartOf\":{\"@id\":\"https:\\\/\\\/www.velos17loisirs.com\\\/#website\"},\"primaryImageOfPage\":{\"@id\":\"https:\\\/\\\/www.velos17loisirs.com\\\/famille-plus\\\/#primaryimage\"},\"image\":{\"@id\":\"https:\\\/\\\/www.velos17loisirs.com\\\/famille-plus\\\/#primaryimage\"},\"thumbnailUrl\":\"https:\\\/\\\/www.velos17loisirs.com\\\/wp-content\\\/uploads\\\/2024\\\/09\\\/pistes-cyclables-sur-l-ile-d-oleron.png\",\"datePublished\":\"2021-03-04T16:35:21+00:00\",\"dateModified\":\"2025-05-13T09:53:12+00:00\",\"description\":\"Family Plus, benefits and rates for bicycle rentals on the island of Ol\u00e9ron in Charente Maritime. Explore the 120 km of bike paths ...\",\"breadcrumb\":{\"@id\":\"https:\\\/\\\/www.velos17loisirs.com\\\/famille-plus\\\/#breadcrumb\"},\"inLanguage\":\"en-US\",\"potentialAction\":[{\"@type\":\"ReadAction\",\"target\":[\"https:\\\/\\\/www.velos17loisirs.com\\\/famille-plus\\\/\"]}]},{\"@type\":\"ImageObject\",\"inLanguage\":\"en-US\",\"@id\":\"https:\\\/\\\/www.velos17loisirs.com\\\/famille-plus\\\/#primaryimage\",\"url\":\"https:\\\/\\\/www.velos17loisirs.com\\\/wp-content\\\/uploads\\\/2024\\\/09\\\/pistes-cyclables-sur-l-ile-d-oleron.png\",\"contentUrl\":\"https:\\\/\\\/www.velos17loisirs.com\\\/wp-content\\\/uploads\\\/2024\\\/09\\\/pistes-cyclables-sur-l-ile-d-oleron.png\",\"width\":1024,\"height\":1024,\"caption\":\"Pistes cyclables sur l'ile d'ol\u00e9ron\"},{\"@type\":\"BreadcrumbList\",\"@id\":\"https:\\\/\\\/www.velos17loisirs.com\\\/famille-plus\\\/#breadcrumb\",\"itemListElement\":[{\"@type\":\"ListItem\",\"position\":1,\"name\":\"Accueil\",\"item\":\"https:\\\/\\\/www.velos17loisirs.com\\\/\"},{\"@type\":\"ListItem\",\"position\":2,\"name\":\"Family Plus\"}]},{\"@type\":\"WebSite\",\"@id\":\"https:\\\/\\\/www.velos17loisirs.com\\\/#website\",\"url\":\"https:\\\/\\\/www.velos17loisirs.com\\\/\",\"name\":\"Velos 17 Loisirs\",\"description\":\"Location de v\u00e9los Ile d&#039;Ol\u00e9ron\",\"publisher\":{\"@id\":\"https:\\\/\\\/www.velos17loisirs.com\\\/#organization\"},\"potentialAction\":[{\"@type\":\"SearchAction\",\"target\":{\"@type\":\"EntryPoint\",\"urlTemplate\":\"https:\\\/\\\/www.velos17loisirs.com\\\/?s={search_term_string}\"},\"query-input\":{\"@type\":\"PropertyValueSpecification\",\"valueRequired\":true,\"valueName\":\"search_term_string\"}}],\"inLanguage\":\"en-US\"},{\"@type\":\"Organization\",\"@id\":\"https:\\\/\\\/www.velos17loisirs.com\\\/#organization\",\"name\":\"Velos 17 Loisirs\",\"url\":\"https:\\\/\\\/www.velos17loisirs.com\\\/\",\"logo\":{\"@type\":\"ImageObject\",\"inLanguage\":\"en-US\",\"@id\":\"https:\\\/\\\/www.velos17loisirs.com\\\/#\\\/schema\\\/logo\\\/image\\\/\",\"url\":\"https:\\\/\\\/www.velos17loisirs.com\\\/wp-content\\\/uploads\\\/2021\\\/01\\\/logo-velos17loisirs-menu2.jpg\",\"contentUrl\":\"https:\\\/\\\/www.velos17loisirs.com\\\/wp-content\\\/uploads\\\/2021\\\/01\\\/logo-velos17loisirs-menu2.jpg\",\"width\":300,\"height\":300,\"caption\":\"Velos 17 Loisirs\"},\"image\":{\"@id\":\"https:\\\/\\\/www.velos17loisirs.com\\\/#\\\/schema\\\/logo\\\/image\\\/\"}}]}<\/script>\n<!-- \/ Yoast SEO plugin. -->","yoast_head_json":{"title":"Family Plus, benefits and rates for bicycle rentals","description":"Family Plus, benefits and rates for bicycle rentals on the island of Ol\u00e9ron in Charente Maritime. Explore the 120 km of bike paths ...","robots":{"index":"index","follow":"follow","max-snippet":"max-snippet:-1","max-image-preview":"max-image-preview:large","max-video-preview":"max-video-preview:-1"},"canonical":"https:\/\/www.velos17loisirs.com\/famille-plus\/","og_locale":"en_US","og_type":"article","og_title":"Family Plus, benefits and rates for bicycle rentals","og_description":"Family Plus, benefits and rates for bicycle rentals on the island of Ol\u00e9ron in Charente Maritime. Explore the 120 km of bike paths ...","og_url":"https:\/\/www.velos17loisirs.com\/famille-plus\/","og_site_name":"Velos 17 Loisirs","article_modified_time":"2025-05-13T09:53:12+00:00","og_image":[{"width":1024,"height":1024,"url":"https:\/\/www.velos17loisirs.com\/wp-content\/uploads\/2024\/09\/pistes-cyclables-sur-l-ile-d-oleron.png","type":"image\/png"}],"twitter_card":"summary_large_image","twitter_misc":{"Est. reading time":"2 minutes"},"schema":{"@context":"https:\/\/schema.org","@graph":[{"@type":"WebPage","@id":"https:\/\/www.velos17loisirs.com\/famille-plus\/","url":"https:\/\/www.velos17loisirs.com\/famille-plus\/","name":"Family Plus, benefits and rates for bicycle rentals","isPartOf":{"@id":"https:\/\/www.velos17loisirs.com\/#website"},"primaryImageOfPage":{"@id":"https:\/\/www.velos17loisirs.com\/famille-plus\/#primaryimage"},"image":{"@id":"https:\/\/www.velos17loisirs.com\/famille-plus\/#primaryimage"},"thumbnailUrl":"https:\/\/www.velos17loisirs.com\/wp-content\/uploads\/2024\/09\/pistes-cyclables-sur-l-ile-d-oleron.png","datePublished":"2021-03-04T16:35:21+00:00","dateModified":"2025-05-13T09:53:12+00:00","description":"Family Plus, benefits and rates for bicycle rentals on the island of Ol\u00e9ron in Charente Maritime. Explore the 120 km of bike paths ...","breadcrumb":{"@id":"https:\/\/www.velos17loisirs.com\/famille-plus\/#breadcrumb"},"inLanguage":"en-US","potentialAction":[{"@type":"ReadAction","target":["https:\/\/www.velos17loisirs.com\/famille-plus\/"]}]},{"@type":"ImageObject","inLanguage":"en-US","@id":"https:\/\/www.velos17loisirs.com\/famille-plus\/#primaryimage","url":"https:\/\/www.velos17loisirs.com\/wp-content\/uploads\/2024\/09\/pistes-cyclables-sur-l-ile-d-oleron.png","contentUrl":"https:\/\/www.velos17loisirs.com\/wp-content\/uploads\/2024\/09\/pistes-cyclables-sur-l-ile-d-oleron.png","width":1024,"height":1024,"caption":"Pistes cyclables sur l'ile d'ol\u00e9ron"},{"@type":"BreadcrumbList","@id":"https:\/\/www.velos17loisirs.com\/famille-plus\/#breadcrumb","itemListElement":[{"@type":"ListItem","position":1,"name":"Accueil","item":"https:\/\/www.velos17loisirs.com\/"},{"@type":"ListItem","position":2,"name":"Family Plus"}]},{"@type":"WebSite","@id":"https:\/\/www.velos17loisirs.com\/#website","url":"https:\/\/www.velos17loisirs.com\/","name":"Velos 17 Loisirs","description":"Location de v\u00e9los Ile d&#039;Ol\u00e9ron","publisher":{"@id":"https:\/\/www.velos17loisirs.com\/#organization"},"potentialAction":[{"@type":"SearchAction","target":{"@type":"EntryPoint","urlTemplate":"https:\/\/www.velos17loisirs.com\/?s={search_term_string}"},"query-input":{"@type":"PropertyValueSpecification","valueRequired":true,"valueName":"search_term_string"}}],"inLanguage":"en-US"},{"@type":"Organization","@id":"https:\/\/www.velos17loisirs.com\/#organization","name":"Velos 17 Loisirs","url":"https:\/\/www.velos17loisirs.com\/","logo":{"@type":"ImageObject","inLanguage":"en-US","@id":"https:\/\/www.velos17loisirs.com\/#\/schema\/logo\/image\/","url":"https:\/\/www.velos17loisirs.com\/wp-content\/uploads\/2021\/01\/logo-velos17loisirs-menu2.jpg","contentUrl":"https:\/\/www.velos17loisirs.com\/wp-content\/uploads\/2021\/01\/logo-velos17loisirs-menu2.jpg","width":300,"height":300,"caption":"Velos 17 Loisirs"},"image":{"@id":"https:\/\/www.velos17loisirs.com\/#\/schema\/logo\/image\/"}}]}},"_links":{"self":[{"href":"https:\/\/www.velos17loisirs.com\/en\/wp-json\/wp\/v2\/pages\/14467","targetHints":{"allow":["GET"]}}],"collection":[{"href":"https:\/\/www.velos17loisirs.com\/en\/wp-json\/wp\/v2\/pages"}],"about":[{"href":"https:\/\/www.velos17loisirs.com\/en\/wp-json\/wp\/v2\/types\/page"}],"author":[{"embeddable":true,"href":"https:\/\/www.velos17loisirs.com\/en\/wp-json\/wp\/v2\/users\/3"}],"replies":[{"embeddable":true,"href":"https:\/\/www.velos17loisirs.com\/en\/wp-json\/wp\/v2\/comments?post=14467"}],"version-history":[{"count":12,"href":"https:\/\/www.velos17loisirs.com\/en\/wp-json\/wp\/v2\/pages\/14467\/revisions"}],"predecessor-version":[{"id":34422,"href":"https:\/\/www.velos17loisirs.com\/en\/wp-json\/wp\/v2\/pages\/14467\/revisions\/34422"}],"wp:featuredmedia":[{"embeddable":true,"href":"https:\/\/www.velos17loisirs.com\/en\/wp-json\/wp\/v2\/media\/28512"}],"wp:attachment":[{"href":"https:\/\/www.velos17loisirs.com\/en\/wp-json\/wp\/v2\/media?parent=14467"}],"curies":[{"name":"wp","href":"https:\/\/api.w.org\/{rel}","templated":true}]}}